{"id":89,"date":"2025-05-09T23:17:42","date_gmt":"2025-05-09T23:17:42","guid":{"rendered":"http:\/\/localhost\/uxmedia\/?page_id=89"},"modified":"2025-05-10T11:46:11","modified_gmt":"2025-05-10T11:46:11","slug":"design-graphique","status":"publish","type":"page","link":"https:\/\/uxmedia-congo.com\/index.php\/design-graphique\/","title":{"rendered":"Design Graphique"},"content":{"rendered":"<style>.kb-row-layout-id89_286c72-1d > .kt-row-column-wrap{align-content:start;}:where(.kb-row-layout-id89_286c72-1d > .kt-row-column-wrap) > .wp-block-kadence-column{justify-content:start;}.kb-row-layout-id89_286c72-1d > .kt-row-column-wrap{column-gap:var(--global-kb-gap-md, 2rem);row-gap:var(--global-kb-gap-md, 2rem);padding-top:0px;padding-bottom:var(--global-kb-spacing-sm, 1.5rem);grid-template-columns:minmax(0, 1fr);}.kb-row-layout-id89_286c72-1d > .kt-row-layout-overlay{opacity:0.30;}@media all and (max-width: 1024px){.kb-row-layout-id89_286c72-1d > .kt-row-column-wrap{grid-template-columns:minmax(0, 1fr);}}@media all and (max-width: 767px){.kb-row-layout-id89_286c72-1d > .kt-row-column-wrap{grid-template-columns:minmax(0, 1fr);}}<\/style><div class=\"kb-row-layout-wrap kb-row-layout-id89_286c72-1d alignnone wp-block-kadence-rowlayout\"><div class=\"kt-row-column-wrap kt-has-1-columns kt-row-layout-equal kt-tab-layout-inherit kt-mobile-layout-row kt-row-valign-top\">\n<style>.kadence-column89_3983e6-dc > .kt-inside-inner-col,.kadence-column89_3983e6-dc > .kt-inside-inner-col:before{border-top-left-radius:0px;border-top-right-radius:0px;border-bottom-right-radius:0px;border-bottom-left-radius:0px;}.kadence-column89_3983e6-dc > .kt-inside-inner-col{column-gap:var(--global-kb-gap-sm, 1rem);}.kadence-column89_3983e6-dc > .kt-inside-inner-col{flex-direction:column;}.kadence-column89_3983e6-dc > .kt-inside-inner-col > .aligncenter{width:100%;}.kadence-column89_3983e6-dc > .kt-inside-inner-col:before{opacity:0.3;}.kadence-column89_3983e6-dc{position:relative;}@media all and (max-width: 1024px){.kadence-column89_3983e6-dc > .kt-inside-inner-col{flex-direction:column;justify-content:center;}}@media all and (max-width: 767px){.kadence-column89_3983e6-dc > .kt-inside-inner-col{flex-direction:column;justify-content:center;}}<\/style>\n<div class=\"wp-block-kadence-column kadence-column89_3983e6-dc\"><div class=\"kt-inside-inner-col\">\t\t<div class=\"rttpg-block-postgrid rttpg-block-wrapper rttpg-block-868415 section-title-style-style1 section-title-align-center\">\n\t\t\t<div class=\"rt-container-fluid rt-tpg-container tpg-el-main-wrapper tpg-gutenberg clearfix\">\n\t\t\t\t<div class='tpg-header-wrapper'>\n\t\t\t\t\t\n        <div class=\"tpg-widget-heading-wrapper rt-clear heading-style1 \">\n            <span class=\"tpg-widget-heading-line line-left\"><\/span>\n\t\t\t<h1 class='tpg-widget-heading'>\n\t\t\t            <a href=\"#\"  target=&quot;_self&quot; >\n\t\t\t\t\n\t\t\t\t                    <span>\n\t\t\t\t\t\tDesign Graphique\t\t\t\t\t<\/span>\n\t\t\t\t\t\n\t\t\t\t            <\/a>\n\n\t\t\t\t\t<\/h1>            <span class=\"tpg-widget-heading-line line-right\"><\/span>\n\n\t\t\t\n        <\/div>\n\n\t\t\n\t\t\t\t\t\t<\/div>\n\t\t\t<\/div>\n\t\t<\/div>\n\t\t<\/div><\/div>\n\n\n<style>.kadence-column89_4397f4-25 > .kt-inside-inner-col,.kadence-column89_4397f4-25 > .kt-inside-inner-col:before{border-top-left-radius:0px;border-top-right-radius:0px;border-bottom-right-radius:0px;border-bottom-left-radius:0px;}.kadence-column89_4397f4-25 > .kt-inside-inner-col{column-gap:var(--global-kb-gap-sm, 1rem);}.kadence-column89_4397f4-25 > .kt-inside-inner-col{flex-direction:column;}.kadence-column89_4397f4-25 > .kt-inside-inner-col > .aligncenter{width:100%;}.kadence-column89_4397f4-25 > .kt-inside-inner-col:before{opacity:0.3;}.kadence-column89_4397f4-25{position:relative;}@media all and (max-width: 1024px){.kadence-column89_4397f4-25 > .kt-inside-inner-col{flex-direction:column;justify-content:center;}}@media all and (max-width: 767px){.kadence-column89_4397f4-25 > .kt-inside-inner-col{flex-direction:column;justify-content:center;}}<\/style>\n<div class=\"wp-block-kadence-column kadence-column89_4397f4-25\"><div class=\"kt-inside-inner-col\">\n<p class=\"has-text-align-center\">Nous donnons vie \u00e0 votre identit\u00e9 visuelle : logos, affiches, brochures, webdesign, illustrations\u2026 Chaque cr\u00e9ation est pens\u00e9e pour capter l\u2019attention et marquer les esprits.<\/p>\n<\/div><\/div>\n\n\n<style>.kadence-column89_dc512c-f2 > .kt-inside-inner-col,.kadence-column89_dc512c-f2 > .kt-inside-inner-col:before{border-top-left-radius:0px;border-top-right-radius:0px;border-bottom-right-radius:0px;border-bottom-left-radius:0px;}.kadence-column89_dc512c-f2 > .kt-inside-inner-col{column-gap:var(--global-kb-gap-sm, 1rem);}.kadence-column89_dc512c-f2 > .kt-inside-inner-col{flex-direction:column;}.kadence-column89_dc512c-f2 > .kt-inside-inner-col > .aligncenter{width:100%;}.kadence-column89_dc512c-f2 > .kt-inside-inner-col:before{opacity:0.3;}.kadence-column89_dc512c-f2{position:relative;}@media all and (max-width: 1024px){.kadence-column89_dc512c-f2 > .kt-inside-inner-col{flex-direction:column;justify-content:center;}}@media all and (max-width: 767px){.kadence-column89_dc512c-f2 > .kt-inside-inner-col{flex-direction:column;justify-content:center;}}<\/style>\n<div class=\"wp-block-kadence-column kadence-column89_dc512c-f2\"><div class=\"kt-inside-inner-col\"><style type='text\/css' media='all'>#rt-tpg-container-3785199965 .rt-holder .rt-woo-info .price{color:#0367bf;}body .rt-tpg-container .rt-tpg-isotope-buttons .selected,\n\t\t\t\t\t#rt-tpg-container-3785199965 .layout12 .rt-holder:hover .rt-detail,\n\t\t\t\t\t#rt-tpg-container-3785199965 .isotope8 .rt-holder:hover .rt-detail,\n\t\t\t\t\t#rt-tpg-container-3785199965 .carousel8 .rt-holder:hover .rt-detail,\n\t\t\t\t\t#rt-tpg-container-3785199965 .layout13 .rt-holder .overlay .post-info,\n\t\t\t\t\t#rt-tpg-container-3785199965 .isotope9 .rt-holder .overlay .post-info,\n\t\t\t\t\t#rt-tpg-container-3785199965.rt-tpg-container .layout4 .rt-holder .rt-detail,\n\t\t\t\t\t.rt-modal-3785199965 .md-content,\n\t\t\t\t\t.rt-modal-3785199965 .md-content > .rt-md-content-holder .rt-md-content,\n\t\t\t\t\t.rt-popup-wrap-3785199965.rt-popup-wrap .rt-popup-navigation-wrap,\n\t\t\t\t\t#rt-tpg-container-3785199965 .carousel9 .rt-holder .overlay .post-info{background-color:#0367bf;}#rt-tpg-container-3785199965 .layout5 .rt-holder .overlay, #rt-tpg-container-3785199965 .isotope2 .rt-holder .overlay, #rt-tpg-container-3785199965 .carousel2 .rt-holder .overlay,#rt-tpg-container-3785199965 .layout15 .rt-holder h3, #rt-tpg-container-3785199965 .isotope11 .rt-holder h3, #rt-tpg-container-3785199965 .carousel11 .rt-holder h3, #rt-tpg-container-3785199965 .layout16 .rt-holder h3,\n\t\t\t\t\t#rt-tpg-container-3785199965 .isotope12 .rt-holder h3, #rt-tpg-container-3785199965 .carousel12 .rt-holder h3 {background-color:rgba(3,103,191,0.8);}#rt-tpg-container-3785199965 .pagination-list li a:hover,\n\t\t\t\t\t#rt-tpg-container-3785199965 .pagination li a:hover,\n\t\t\t\t\t#rt-tpg-container-3785199965 .rt-tpg-isotope-buttons button:hover,\n\t\t\t\t\t#rt-tpg-container-3785199965 .rt-holder .read-more a:hover,\n\t\t\t\t\t#rt-tpg-container-3785199965 .rt-tpg-utility .rt-tpg-load-more button:hover,\n\t\t\t\t\t#rt-tpg-container-3785199965.rt-tpg-container .swiper-pagination-bullet:hover,\n\t\t\t\t\t#rt-tpg-container-3785199965.rt-tpg-container .swiper-navigation .slider-btn:hover,\n\t\t\t\t\t#rt-tpg-container-3785199965 .wc1 .rt-holder .rt-img-holder .overlay .product-more ul li a:hover,\n\t\t\t\t\t#rt-tpg-container-3785199965 .wc2 .rt-detail .rt-wc-add-to-cart:hover,\n\t\t\t\t\t#rt-tpg-container-3785199965 .wc3 .rt-detail .rt-wc-add-to-cart:hover,\n\t\t\t\t\t#rt-tpg-container-3785199965 .wc4 .rt-detail .rt-wc-add-to-cart:hover,\n\t\t\t\t\t#rt-tpg-container-3785199965 .wc-carousel2 .rt-detail .rt-wc-add-to-cart:hover,\n\t\t\t\t\t#rt-tpg-container-3785199965 .wc-isotope2 .rt-detail .rt-wc-add-to-cart:hover,\n\t\t\t\t\t#rt-tpg-container-3785199965 .rt-layout-filter-container .rt-filter-wrap .rt-filter-item-wrap.rt-filter-dropdown-wrap .rt-filter-dropdown .rt-filter-dropdown-item:hover,\n\t\t\t\t\t#rt-tpg-container-3785199965 .rt-layout-filter-container .rt-filter-wrap .rt-filter-item-wrap.rt-filter-dropdown-wrap .rt-filter-dropdown .rt-filter-dropdown-item.selected,\n\t\t\t\t\t#rt-tpg-container-3785199965 .rt-filter-item-wrap.rt-filter-button-wrap span.rt-filter-button-item:hover,\n\t\t\t\t\t#rt-tpg-container-3785199965 .rt-layout-filter-container .rt-filter-sub-tax.sub-button-group .rt-filter-button-item:hover,\n\t\t\t\t\t#rt-tpg-container-3785199965.rt-tpg-container .rt-pagination-wrap .rt-page-numbers .paginationjs .paginationjs-pages ul li>a:hover,\n\t\t\t\t\t#rt-tpg-container-3785199965.rt-tpg-container .rt-pagination-wrap .rt-cb-page-prev-next > *:hover,\n\t\t\t\t\t#rt-tpg-container-3785199965.rt-tpg-container .rt-pagination-wrap  .rt-loadmore-btn:hover,\n\t\t\t\t\t#rt-tpg-container-3785199965 .rt-read-more:hover,\n\t\t\t\t\t#rt-tpg-container-3785199965 .rt-tpg-utility .rt-tpg-load-more button:hover{background-color:#000080;}#rt-tpg-container-3785199965 .rt-filter-item-wrap.rt-filter-button-wrap span.rt-filter-button-item:hover,\n\t\t\t\t\t\t#rt-tpg-container-3785199965 .rt-layout-filter-container .rt-filter-sub-tax.sub-button-group .rt-filter-button-item:hover,\n\t\t\t\t\t\t#rt-tpg-container-3785199965.rt-tpg-container .swiper-navigation .slider-btn:hover,\n\t\t\t\t\t\t#rt-tpg-container-3785199965.rt-tpg-container .rt-pagination-wrap .rt-page-numbers .paginationjs .paginationjs-pages ul li>a:hover{border-color:#000080;}#rt-tpg-container-3785199965.rt-tpg-container .layout17 .rt-holder .overlay a.tpg-zoom:hover .fa{color:#000080;}#rt-tpg-container-3785199965 .rt-filter-item-wrap.rt-filter-button-wrap span.rt-filter-button-item:hover,\n\t\t\t\t\t#rt-tpg-container-3785199965 .rt-holder .read-more a:hover,\n\t\t\t\t\t#rt-tpg-container-3785199965.rt-tpg-container .swiper-navigation .slider-btn:hover,\n\t\t\t\t\t#rt-tpg-container-3785199965 .rt-layout-filter-container .rt-filter-sub-tax.sub-button-group .rt-filter-button-item:hover,\n\t\t\t\t\t#rt-tpg-container-3785199965 .rt-layout-filter-container .rt-filter-wrap .rt-filter-item-wrap.rt-filter-dropdown-wrap .rt-filter-dropdown .rt-filter-dropdown-item:hover,\n\t\t\t\t\t#rt-tpg-container-3785199965 .rt-layout-filter-container .rt-filter-wrap .rt-filter-item-wrap.rt-filter-dropdown-wrap .rt-filter-dropdown .rt-filter-dropdown-item.selected,\n\t\t\t\t\t#rt-tpg-container-3785199965 .rt-layout-filter-container .rt-filter-wrap .rt-filter-item-wrap.rt-sort-order-action:hover,\n\t\t\t\t\t#rt-tpg-container-3785199965.rt-tpg-container .rt-pagination-wrap .rt-page-numbers .paginationjs .paginationjs-pages ul li.active>a:hover,\n\t\t\t\t\t#rt-tpg-container-3785199965 .rt-filter-item-wrap.rt-filter-button-wrap span.rt-filter-button-item.selected,\n\t\t\t\t\t#rt-tpg-container-3785199965 .rt-layout-filter-container .rt-filter-wrap .rt-filter-item-wrap.rt-sort-order-action,\n\t\t\t\t\t#rt-tpg-container-3785199965.rt-tpg-container .rt-pagination-wrap  .rt-loadmore-btn:hover,\n\t\t\t\t\t#rt-tpg-container-3785199965 .rt-read-more:hover,\n\t\t\t\t\t#rt-tpg-container-3785199965.rt-tpg-container .rt-pagination-wrap .rt-page-numbers .paginationjs .paginationjs-pages ul li.active>a{color:#ffffff;}#rt-tpg-container-3785199965 .read-more a{border-radius:20px;}#rt-tpg-container-3785199965 .rt-img-holder img.rt-img-responsive,#rt-tpg-container-3785199965 .rt-img-holder,\n\t\t\t\t\t#rt-tpg-container-3785199965 .rt-post-overlay .post-img,\n\t\t\t\t\t#rt-tpg-container-3785199965 .post-sm .post-img,\n\t\t\t\t\t#rt-tpg-container-3785199965 .rt-post-grid .post-img,\n\t\t\t\t\t#rt-tpg-container-3785199965 .post-img img {border-radius:px;}#rt-tpg-container-3785199965 .layout1 .rt-holder h2.entry-title,\n\t\t\t\t\t#rt-tpg-container-3785199965 .layout1 .rt-holder h3.entry-title,\n\t\t\t\t\t#rt-tpg-container-3785199965 .layout1 .rt-holder h4.entry-title,\n\t\t\t\t\t#rt-tpg-container-3785199965 .layout1 .rt-holder h2.entry-title a,\n\t\t\t\t\t#rt-tpg-container-3785199965 .layout1 .rt-holder h3.entry-title a,\n\t\t\t\t\t#rt-tpg-container-3785199965 .layout1 .rt-holder h4.entry-title a,\n\t\t\t\t\t#rt-tpg-container-3785199965 .rt-holder .rt-woo-info h2 a,\n\t\t\t\t\t#rt-tpg-container-3785199965 .rt-holder .rt-woo-info h3 a,\n\t\t\t\t\t#rt-tpg-container-3785199965 .rt-holder .rt-woo-info h4 a,\n\t\t\t\t\t#rt-tpg-container-3785199965 .post-content .post-title,\n\t\t\t\t\t#rt-tpg-container-3785199965 .rt-post-grid .post-title,\n\t\t\t\t\t#rt-tpg-container-3785199965 .rt-post-grid .post-title a,\n\t\t\t\t\t#rt-tpg-container-3785199965 .post-content .post-title a,\n\t\t\t\t\t#rt-tpg-container-3785199965 .rt-holder .rt-woo-info h2,\n\t\t\t\t\t#rt-tpg-container-3785199965 .rt-holder .rt-woo-info h3,\n\t\t\t\t\t#rt-tpg-container-3785199965 .rt-holder .rt-woo-info h4{color:#000080;font-weight:lighter;text-align:center;}#rt-tpg-container-3785199965 .layout1 .rt-holder .tpg-excerpt,#rt-tpg-container-3785199965 .layout1 .tpg-excerpt,#rt-tpg-container-3785199965 .layout1 .rt-holder .post-content,#rt-tpg-container-3785199965 .rt-holder .rt-woo-info p,#rt-tpg-container-3785199965 .post-content p {font-weight:lighter;text-align:center;}<\/style><div class='rt-container-fluid rt-tpg-container tpg-shortcode-main-wrapper ' id='rt-tpg-container-3785199965'   data-layout='layout1' data-grid-style='even' data-desktop-col='3'  data-tab-col='2'  data-mobile-col='1' data-sc-id='78'><div data-title='Loading ...' class='rt-row rt-content-loader   layout1 tpg-even '><div class=\"rt-col-md-4 rt-col-sm-6 rt-col-xs-12 even-grid-item rt-grid-item\" data-id=\"41\"><div class=\"rt-holder\"><div class=\"rt-img-holder\"><a data-id=\"41\" class=\"\" href=\"https:\/\/uxmedia-congo.com\/index.php\/2025\/05\/08\/logo-identite-visuelle\/\"><img loading=\"lazy\" decoding=\"async\" class=\"rt-img-responsive \" src=\"https:\/\/uxmedia-congo.com\/wp-content\/uploads\/2025\/05\/logo-min-1024x682.jpg\" width=\"1024\" height=\"682\" alt=\"Logo &amp; Identit\u00e9 Visuelle\" \/><\/a><\/div><div class='rt-detail'><h3 class=\"entry-title\"><a data-id=\"41\" class=\"\" href=\"https:\/\/uxmedia-congo.com\/index.php\/2025\/05\/08\/logo-identite-visuelle\/\">Logo &amp; Identit\u00e9 Visuelle<\/a><\/h3><div class='tpg-excerpt'>Un logo, une charte graphique, une image de marque : tout commence ici. Nous concevons...<\/div><div class='post-meta center'><span class='read-more'><a data-id='41' class='' href='https:\/\/uxmedia-congo.com\/index.php\/2025\/05\/08\/logo-identite-visuelle\/'>En savoir plus<\/a><\/span><\/div><\/div><\/div><\/div><div class=\"rt-col-md-4 rt-col-sm-6 rt-col-xs-12 even-grid-item rt-grid-item\" data-id=\"46\"><div class=\"rt-holder\"><div class=\"rt-img-holder\"><a data-id=\"46\" class=\"\" href=\"https:\/\/uxmedia-congo.com\/index.php\/2025\/05\/09\/affiche-brochure\/\"><img loading=\"lazy\" decoding=\"async\" class=\"rt-img-responsive \" src=\"https:\/\/uxmedia-congo.com\/wp-content\/uploads\/2025\/05\/medical-showing-pointing-posing-board-min-1024x683.jpg\" width=\"1024\" height=\"683\" alt=\"Affiche &amp; Brochure\" \/><\/a><\/div><div class='rt-detail'><h3 class=\"entry-title\"><a data-id=\"46\" class=\"\" href=\"https:\/\/uxmedia-congo.com\/index.php\/2025\/05\/09\/affiche-brochure\/\">Affiche &amp; Brochure<\/a><\/h3><div class='tpg-excerpt'>Communiquez vos \u00e9v\u00e9nements, services ou offres avec des supports imprim\u00e9s de qualit\u00e9 : affiches, flyers...<\/div><div class='post-meta center'><span class='read-more'><a data-id='46' class='' href='https:\/\/uxmedia-congo.com\/index.php\/2025\/05\/09\/affiche-brochure\/'>En savoir plus<\/a><\/span><\/div><\/div><\/div><\/div><div class=\"rt-col-md-4 rt-col-sm-6 rt-col-xs-12 even-grid-item rt-grid-item\" data-id=\"48\"><div class=\"rt-holder\"><div class=\"rt-img-holder\"><a data-id=\"48\" class=\"\" href=\"https:\/\/uxmedia-congo.com\/index.php\/2025\/05\/09\/webdesign\/\"><img loading=\"lazy\" decoding=\"async\" class=\"rt-img-responsive \" src=\"https:\/\/uxmedia-congo.com\/wp-content\/uploads\/2025\/05\/webdesign-min-1024x683.jpg\" width=\"1024\" height=\"683\" alt=\"Webdesign\" \/><\/a><\/div><div class='rt-detail'><h3 class=\"entry-title\"><a data-id=\"48\" class=\"\" href=\"https:\/\/uxmedia-congo.com\/index.php\/2025\/05\/09\/webdesign\/\">Webdesign<\/a><\/h3><div class='tpg-excerpt'>Nous cr\u00e9ons l\u2019interface graphique de votre site ou application pour une navigation intuitive et un...<\/div><div class='post-meta center'><span class='read-more'><a data-id='48' class='' href='https:\/\/uxmedia-congo.com\/index.php\/2025\/05\/09\/webdesign\/'>En savoir plus<\/a><\/span><\/div><\/div><\/div><\/div><div class=\"rt-col-md-4 rt-col-sm-6 rt-col-xs-12 even-grid-item rt-grid-item\" data-id=\"50\"><div class=\"rt-holder\"><div class=\"rt-img-holder\"><a data-id=\"50\" class=\"\" href=\"https:\/\/uxmedia-congo.com\/index.php\/2025\/05\/09\/infographie-illustration\/\"><img loading=\"lazy\" decoding=\"async\" class=\"rt-img-responsive \" src=\"https:\/\/uxmedia-congo.com\/wp-content\/uploads\/2025\/05\/infographie-1024x683.jpg\" width=\"1024\" height=\"683\" alt=\"Infographie &amp; Illustration\" \/><\/a><\/div><div class='rt-detail'><h3 class=\"entry-title\"><a data-id=\"50\" class=\"\" href=\"https:\/\/uxmedia-congo.com\/index.php\/2025\/05\/09\/infographie-illustration\/\">Infographie &amp; Illustration<\/a><\/h3><div class='tpg-excerpt'>Besoin d\u2019expliquer une id\u00e9e complexe ou de raconter une histoire ? Nos infographies et illustrations...<\/div><div class='post-meta center'><span class='read-more'><a data-id='50' class='' href='https:\/\/uxmedia-congo.com\/index.php\/2025\/05\/09\/infographie-illustration\/'>En savoir plus<\/a><\/span><\/div><\/div><\/div><\/div><\/div><\/div>\n<\/div><\/div>\n\n<\/div><\/div>","protected":false},"excerpt":{"rendered":"<p>Nous donnons vie \u00e0 votre identit\u00e9 visuelle : logos, affiches, brochures, webdesign, illustrations\u2026 Chaque cr\u00e9ation est pens\u00e9e pour capter l\u2019attention et marquer les esprits.<\/p>\n","protected":false},"author":1,"featured_media":0,"parent":0,"menu_order":0,"comment_status":"closed","ping_status":"closed","template":"","meta":{"_kad_post_transparent":"","_kad_post_title":"hide","_kad_post_layout":"","_kad_post_sidebar_id":"","_kad_post_content_style":"unboxed","_kad_post_vertical_padding":"","_kad_post_feature":"","_kad_post_feature_position":"","_kad_post_header":false,"_kad_post_footer":false,"footnotes":""},"class_list":["post-89","page","type-page","status-publish","hentry"],"yoast_head":"<!-- This site is optimized with the Yoast SEO plugin v27.1.1 - https:\/\/yoast.com\/product\/yoast-seo-wordpress\/ -->\n<title>Design Graphique - uxmedia<\/title>\n<meta name=\"robots\" content=\"index, follow, max-snippet:-1, max-image-preview:large, max-video-preview:-1\" \/>\n<link rel=\"canonical\" href=\"https:\/\/uxmedia-congo.com\/index.php\/design-graphique\/\" \/>\n<meta property=\"og:locale\" content=\"fr_FR\" \/>\n<meta property=\"og:type\" content=\"article\" \/>\n<meta property=\"og:title\" content=\"Design Graphique - uxmedia\" \/>\n<meta property=\"og:description\" content=\"Nous donnons vie \u00e0 votre identit\u00e9 visuelle : logos, affiches, brochures, webdesign, illustrations\u2026 Chaque cr\u00e9ation est pens\u00e9e pour capter l\u2019attention et marquer les esprits.\" \/>\n<meta property=\"og:url\" content=\"https:\/\/uxmedia-congo.com\/index.php\/design-graphique\/\" \/>\n<meta property=\"og:site_name\" content=\"uxmedia\" \/>\n<meta property=\"article:modified_time\" content=\"2025-05-10T11:46:11+00:00\" \/>\n<meta name=\"twitter:card\" content=\"summary_large_image\" \/>\n<script type=\"application\/ld+json\" class=\"yoast-schema-graph\">{\"@context\":\"https:\/\/schema.org\",\"@graph\":[{\"@type\":\"WebPage\",\"@id\":\"https:\/\/uxmedia-congo.com\/index.php\/design-graphique\/\",\"url\":\"https:\/\/uxmedia-congo.com\/index.php\/design-graphique\/\",\"name\":\"Design Graphique - uxmedia\",\"isPartOf\":{\"@id\":\"https:\/\/uxmedia-congo.com\/#website\"},\"datePublished\":\"2025-05-09T23:17:42+00:00\",\"dateModified\":\"2025-05-10T11:46:11+00:00\",\"breadcrumb\":{\"@id\":\"https:\/\/uxmedia-congo.com\/index.php\/design-graphique\/#breadcrumb\"},\"inLanguage\":\"fr-FR\",\"potentialAction\":[{\"@type\":\"ReadAction\",\"target\":[\"https:\/\/uxmedia-congo.com\/index.php\/design-graphique\/\"]}]},{\"@type\":\"BreadcrumbList\",\"@id\":\"https:\/\/uxmedia-congo.com\/index.php\/design-graphique\/#breadcrumb\",\"itemListElement\":[{\"@type\":\"ListItem\",\"position\":1,\"name\":\"Home\",\"item\":\"https:\/\/uxmedia-congo.com\/\"},{\"@type\":\"ListItem\",\"position\":2,\"name\":\"Design Graphique\"}]},{\"@type\":\"WebSite\",\"@id\":\"https:\/\/uxmedia-congo.com\/#website\",\"url\":\"https:\/\/uxmedia-congo.com\/\",\"name\":\"uxmedia\",\"description\":\"\",\"publisher\":{\"@id\":\"https:\/\/uxmedia-congo.com\/#organization\"},\"potentialAction\":[{\"@type\":\"SearchAction\",\"target\":{\"@type\":\"EntryPoint\",\"urlTemplate\":\"https:\/\/uxmedia-congo.com\/?s={search_term_string}\"},\"query-input\":{\"@type\":\"PropertyValueSpecification\",\"valueRequired\":true,\"valueName\":\"search_term_string\"}}],\"inLanguage\":\"fr-FR\"},{\"@type\":\"Organization\",\"@id\":\"https:\/\/uxmedia-congo.com\/#organization\",\"name\":\"uxmedia\",\"url\":\"https:\/\/uxmedia-congo.com\/\",\"logo\":{\"@type\":\"ImageObject\",\"inLanguage\":\"fr-FR\",\"@id\":\"https:\/\/uxmedia-congo.com\/#\/schema\/logo\/image\/\",\"url\":\"https:\/\/uxmedia-congo.com\/wp-content\/uploads\/2025\/05\/logo-black-resized.png\",\"contentUrl\":\"https:\/\/uxmedia-congo.com\/wp-content\/uploads\/2025\/05\/logo-black-resized.png\",\"width\":478,\"height\":173,\"caption\":\"uxmedia\"},\"image\":{\"@id\":\"https:\/\/uxmedia-congo.com\/#\/schema\/logo\/image\/\"}}]}<\/script>\n<!-- \/ Yoast SEO plugin. -->","yoast_head_json":{"title":"Design Graphique - uxmedia","robots":{"index":"index","follow":"follow","max-snippet":"max-snippet:-1","max-image-preview":"max-image-preview:large","max-video-preview":"max-video-preview:-1"},"canonical":"https:\/\/uxmedia-congo.com\/index.php\/design-graphique\/","og_locale":"fr_FR","og_type":"article","og_title":"Design Graphique - uxmedia","og_description":"Nous donnons vie \u00e0 votre identit\u00e9 visuelle : logos, affiches, brochures, webdesign, illustrations\u2026 Chaque cr\u00e9ation est pens\u00e9e pour capter l\u2019attention et marquer les esprits.","og_url":"https:\/\/uxmedia-congo.com\/index.php\/design-graphique\/","og_site_name":"uxmedia","article_modified_time":"2025-05-10T11:46:11+00:00","twitter_card":"summary_large_image","schema":{"@context":"https:\/\/schema.org","@graph":[{"@type":"WebPage","@id":"https:\/\/uxmedia-congo.com\/index.php\/design-graphique\/","url":"https:\/\/uxmedia-congo.com\/index.php\/design-graphique\/","name":"Design Graphique - uxmedia","isPartOf":{"@id":"https:\/\/uxmedia-congo.com\/#website"},"datePublished":"2025-05-09T23:17:42+00:00","dateModified":"2025-05-10T11:46:11+00:00","breadcrumb":{"@id":"https:\/\/uxmedia-congo.com\/index.php\/design-graphique\/#breadcrumb"},"inLanguage":"fr-FR","potentialAction":[{"@type":"ReadAction","target":["https:\/\/uxmedia-congo.com\/index.php\/design-graphique\/"]}]},{"@type":"BreadcrumbList","@id":"https:\/\/uxmedia-congo.com\/index.php\/design-graphique\/#breadcrumb","itemListElement":[{"@type":"ListItem","position":1,"name":"Home","item":"https:\/\/uxmedia-congo.com\/"},{"@type":"ListItem","position":2,"name":"Design Graphique"}]},{"@type":"WebSite","@id":"https:\/\/uxmedia-congo.com\/#website","url":"https:\/\/uxmedia-congo.com\/","name":"uxmedia","description":"","publisher":{"@id":"https:\/\/uxmedia-congo.com\/#organization"},"potentialAction":[{"@type":"SearchAction","target":{"@type":"EntryPoint","urlTemplate":"https:\/\/uxmedia-congo.com\/?s={search_term_string}"},"query-input":{"@type":"PropertyValueSpecification","valueRequired":true,"valueName":"search_term_string"}}],"inLanguage":"fr-FR"},{"@type":"Organization","@id":"https:\/\/uxmedia-congo.com\/#organization","name":"uxmedia","url":"https:\/\/uxmedia-congo.com\/","logo":{"@type":"ImageObject","inLanguage":"fr-FR","@id":"https:\/\/uxmedia-congo.com\/#\/schema\/logo\/image\/","url":"https:\/\/uxmedia-congo.com\/wp-content\/uploads\/2025\/05\/logo-black-resized.png","contentUrl":"https:\/\/uxmedia-congo.com\/wp-content\/uploads\/2025\/05\/logo-black-resized.png","width":478,"height":173,"caption":"uxmedia"},"image":{"@id":"https:\/\/uxmedia-congo.com\/#\/schema\/logo\/image\/"}}]}},"rttpg_featured_image_url":null,"rttpg_author":{"display_name":"uxmedia","author_link":"https:\/\/uxmedia-congo.com\/index.php\/author\/uxmedia\/"},"rttpg_comment":0,"rttpg_category":"","rttpg_excerpt":"Nous donnons vie \u00e0 votre identit\u00e9 visuelle : logos, affiches, brochures, webdesign, illustrations\u2026 Chaque cr\u00e9ation est pens\u00e9e pour capter l\u2019attention et marquer les esprits.","_links":{"self":[{"href":"https:\/\/uxmedia-congo.com\/index.php\/wp-json\/wp\/v2\/pages\/89","targetHints":{"allow":["GET"]}}],"collection":[{"href":"https:\/\/uxmedia-congo.com\/index.php\/wp-json\/wp\/v2\/pages"}],"about":[{"href":"https:\/\/uxmedia-congo.com\/index.php\/wp-json\/wp\/v2\/types\/page"}],"author":[{"embeddable":true,"href":"https:\/\/uxmedia-congo.com\/index.php\/wp-json\/wp\/v2\/users\/1"}],"replies":[{"embeddable":true,"href":"https:\/\/uxmedia-congo.com\/index.php\/wp-json\/wp\/v2\/comments?post=89"}],"version-history":[{"count":2,"href":"https:\/\/uxmedia-congo.com\/index.php\/wp-json\/wp\/v2\/pages\/89\/revisions"}],"predecessor-version":[{"id":115,"href":"https:\/\/uxmedia-congo.com\/index.php\/wp-json\/wp\/v2\/pages\/89\/revisions\/115"}],"wp:attachment":[{"href":"https:\/\/uxmedia-congo.com\/index.php\/wp-json\/wp\/v2\/media?parent=89"}],"curies":[{"name":"wp","href":"https:\/\/api.w.org\/{rel}","templated":true}]}}