{"id":87,"date":"2025-05-09T23:16:43","date_gmt":"2025-05-09T23:16:43","guid":{"rendered":"http:\/\/localhost\/uxmedia\/?page_id=87"},"modified":"2025-05-10T11:46:25","modified_gmt":"2025-05-10T11:46:25","slug":"creation-de-contenu-digital","status":"publish","type":"page","link":"https:\/\/uxmedia-congo.com\/index.php\/creation-de-contenu-digital\/","title":{"rendered":"Cr\u00e9ation de Contenu Digital"},"content":{"rendered":"<style>.kb-row-layout-id87_c548e2-21 > .kt-row-column-wrap{align-content:start;}:where(.kb-row-layout-id87_c548e2-21 > .kt-row-column-wrap) > .wp-block-kadence-column{justify-content:start;}.kb-row-layout-id87_c548e2-21 > .kt-row-column-wrap{column-gap:var(--global-kb-gap-md, 2rem);row-gap:var(--global-kb-gap-md, 2rem);padding-top:0px;padding-bottom:var(--global-kb-spacing-sm, 1.5rem);grid-template-columns:minmax(0, 1fr);}.kb-row-layout-id87_c548e2-21 > .kt-row-layout-overlay{opacity:0.30;}@media all and (max-width: 1024px){.kb-row-layout-id87_c548e2-21 > .kt-row-column-wrap{grid-template-columns:minmax(0, 1fr);}}@media all and (max-width: 767px){.kb-row-layout-id87_c548e2-21 > .kt-row-column-wrap{grid-template-columns:minmax(0, 1fr);}}<\/style><div class=\"kb-row-layout-wrap kb-row-layout-id87_c548e2-21 alignnone wp-block-kadence-rowlayout\"><div class=\"kt-row-column-wrap kt-has-1-columns kt-row-layout-equal kt-tab-layout-inherit kt-mobile-layout-row kt-row-valign-top\">\n<style>.kadence-column87_da14bd-b1 > .kt-inside-inner-col,.kadence-column87_da14bd-b1 > .kt-inside-inner-col:before{border-top-left-radius:0px;border-top-right-radius:0px;border-bottom-right-radius:0px;border-bottom-left-radius:0px;}.kadence-column87_da14bd-b1 > .kt-inside-inner-col{column-gap:var(--global-kb-gap-sm, 1rem);}.kadence-column87_da14bd-b1 > .kt-inside-inner-col{flex-direction:column;}.kadence-column87_da14bd-b1 > .kt-inside-inner-col > .aligncenter{width:100%;}.kadence-column87_da14bd-b1 > .kt-inside-inner-col:before{opacity:0.3;}.kadence-column87_da14bd-b1{position:relative;}@media all and (max-width: 1024px){.kadence-column87_da14bd-b1 > .kt-inside-inner-col{flex-direction:column;justify-content:center;}}@media all and (max-width: 767px){.kadence-column87_da14bd-b1 > .kt-inside-inner-col{flex-direction:column;justify-content:center;}}<\/style>\n<div class=\"wp-block-kadence-column kadence-column87_da14bd-b1\"><div class=\"kt-inside-inner-col\">\t\t<div class=\"rttpg-block-postgrid rttpg-block-wrapper rttpg-block-c71a74 section-title-style-style1 section-title-align-center\">\n\t\t\t<div class=\"rt-container-fluid rt-tpg-container tpg-el-main-wrapper tpg-gutenberg clearfix\">\n\t\t\t\t<div class='tpg-header-wrapper'>\n\t\t\t\t\t\n        <div class=\"tpg-widget-heading-wrapper rt-clear heading-style1 \">\n            <span class=\"tpg-widget-heading-line line-left\"><\/span>\n\t\t\t<h1 class='tpg-widget-heading'>\n\t\t\t            <a href=\"#\"  target=&quot;_self&quot; >\n\t\t\t\t\n\t\t\t\t                    <span>\n\t\t\t\t\t\tCr\u00e9ation de Contenu Digital\t\t\t\t\t<\/span>\n\t\t\t\t\t\n\t\t\t\t            <\/a>\n\n\t\t\t\t\t<\/h1>            <span class=\"tpg-widget-heading-line line-right\"><\/span>\n\n\t\t\t\n        <\/div>\n\n\t\t\n\t\t\t\t\t\t<\/div>\n\t\t\t<\/div>\n\t\t<\/div>\n\t\t<\/div><\/div>\n\n\n<style>.kadence-column87_0abd15-9a > .kt-inside-inner-col,.kadence-column87_0abd15-9a > .kt-inside-inner-col:before{border-top-left-radius:0px;border-top-right-radius:0px;border-bottom-right-radius:0px;border-bottom-left-radius:0px;}.kadence-column87_0abd15-9a > .kt-inside-inner-col{column-gap:var(--global-kb-gap-sm, 1rem);}.kadence-column87_0abd15-9a > .kt-inside-inner-col{flex-direction:column;}.kadence-column87_0abd15-9a > .kt-inside-inner-col > .aligncenter{width:100%;}.kadence-column87_0abd15-9a > .kt-inside-inner-col:before{opacity:0.3;}.kadence-column87_0abd15-9a{position:relative;}@media all and (max-width: 1024px){.kadence-column87_0abd15-9a > .kt-inside-inner-col{flex-direction:column;justify-content:center;}}@media all and (max-width: 767px){.kadence-column87_0abd15-9a > .kt-inside-inner-col{flex-direction:column;justify-content:center;}}<\/style>\n<div class=\"wp-block-kadence-column kadence-column87_0abd15-9a\"><div class=\"kt-inside-inner-col\">\n<p class=\"has-text-align-center\">Du site web \u00e0 l&rsquo;application mobile en passant par les contenus pour les r\u00e9seaux sociaux, nous cr\u00e9ons des supports digitaux innovants et sur mesure pour renforcer votre pr\u00e9sence en ligne.<\/p>\n<\/div><\/div>\n\n\n<style>.kadence-column87_2a9b3a-1b > .kt-inside-inner-col,.kadence-column87_2a9b3a-1b > .kt-inside-inner-col:before{border-top-left-radius:0px;border-top-right-radius:0px;border-bottom-right-radius:0px;border-bottom-left-radius:0px;}.kadence-column87_2a9b3a-1b > .kt-inside-inner-col{column-gap:var(--global-kb-gap-sm, 1rem);}.kadence-column87_2a9b3a-1b > .kt-inside-inner-col{flex-direction:column;}.kadence-column87_2a9b3a-1b > .kt-inside-inner-col > .aligncenter{width:100%;}.kadence-column87_2a9b3a-1b > .kt-inside-inner-col:before{opacity:0.3;}.kadence-column87_2a9b3a-1b{position:relative;}@media all and (max-width: 1024px){.kadence-column87_2a9b3a-1b > .kt-inside-inner-col{flex-direction:column;justify-content:center;}}@media all and (max-width: 767px){.kadence-column87_2a9b3a-1b > .kt-inside-inner-col{flex-direction:column;justify-content:center;}}<\/style>\n<div class=\"wp-block-kadence-column kadence-column87_2a9b3a-1b\"><div class=\"kt-inside-inner-col\"><style type='text\/css' media='all'>#rt-tpg-container-3721271672 .rt-holder .rt-woo-info .price{color:#0367bf;}body .rt-tpg-container .rt-tpg-isotope-buttons .selected,\n\t\t\t\t\t#rt-tpg-container-3721271672 .layout12 .rt-holder:hover .rt-detail,\n\t\t\t\t\t#rt-tpg-container-3721271672 .isotope8 .rt-holder:hover .rt-detail,\n\t\t\t\t\t#rt-tpg-container-3721271672 .carousel8 .rt-holder:hover .rt-detail,\n\t\t\t\t\t#rt-tpg-container-3721271672 .layout13 .rt-holder .overlay .post-info,\n\t\t\t\t\t#rt-tpg-container-3721271672 .isotope9 .rt-holder .overlay .post-info,\n\t\t\t\t\t#rt-tpg-container-3721271672.rt-tpg-container .layout4 .rt-holder .rt-detail,\n\t\t\t\t\t.rt-modal-3721271672 .md-content,\n\t\t\t\t\t.rt-modal-3721271672 .md-content > .rt-md-content-holder .rt-md-content,\n\t\t\t\t\t.rt-popup-wrap-3721271672.rt-popup-wrap .rt-popup-navigation-wrap,\n\t\t\t\t\t#rt-tpg-container-3721271672 .carousel9 .rt-holder .overlay .post-info{background-color:#0367bf;}#rt-tpg-container-3721271672 .layout5 .rt-holder .overlay, #rt-tpg-container-3721271672 .isotope2 .rt-holder .overlay, #rt-tpg-container-3721271672 .carousel2 .rt-holder .overlay,#rt-tpg-container-3721271672 .layout15 .rt-holder h3, #rt-tpg-container-3721271672 .isotope11 .rt-holder h3, #rt-tpg-container-3721271672 .carousel11 .rt-holder h3, #rt-tpg-container-3721271672 .layout16 .rt-holder h3,\n\t\t\t\t\t#rt-tpg-container-3721271672 .isotope12 .rt-holder h3, #rt-tpg-container-3721271672 .carousel12 .rt-holder h3 {background-color:rgba(3,103,191,0.8);}#rt-tpg-container-3721271672 .pagination-list li a:hover,\n\t\t\t\t\t#rt-tpg-container-3721271672 .pagination li a:hover,\n\t\t\t\t\t#rt-tpg-container-3721271672 .rt-tpg-isotope-buttons button:hover,\n\t\t\t\t\t#rt-tpg-container-3721271672 .rt-holder .read-more a:hover,\n\t\t\t\t\t#rt-tpg-container-3721271672 .rt-tpg-utility .rt-tpg-load-more button:hover,\n\t\t\t\t\t#rt-tpg-container-3721271672.rt-tpg-container .swiper-pagination-bullet:hover,\n\t\t\t\t\t#rt-tpg-container-3721271672.rt-tpg-container .swiper-navigation .slider-btn:hover,\n\t\t\t\t\t#rt-tpg-container-3721271672 .wc1 .rt-holder .rt-img-holder .overlay .product-more ul li a:hover,\n\t\t\t\t\t#rt-tpg-container-3721271672 .wc2 .rt-detail .rt-wc-add-to-cart:hover,\n\t\t\t\t\t#rt-tpg-container-3721271672 .wc3 .rt-detail .rt-wc-add-to-cart:hover,\n\t\t\t\t\t#rt-tpg-container-3721271672 .wc4 .rt-detail .rt-wc-add-to-cart:hover,\n\t\t\t\t\t#rt-tpg-container-3721271672 .wc-carousel2 .rt-detail .rt-wc-add-to-cart:hover,\n\t\t\t\t\t#rt-tpg-container-3721271672 .wc-isotope2 .rt-detail .rt-wc-add-to-cart:hover,\n\t\t\t\t\t#rt-tpg-container-3721271672 .rt-layout-filter-container .rt-filter-wrap .rt-filter-item-wrap.rt-filter-dropdown-wrap .rt-filter-dropdown .rt-filter-dropdown-item:hover,\n\t\t\t\t\t#rt-tpg-container-3721271672 .rt-layout-filter-container .rt-filter-wrap .rt-filter-item-wrap.rt-filter-dropdown-wrap .rt-filter-dropdown .rt-filter-dropdown-item.selected,\n\t\t\t\t\t#rt-tpg-container-3721271672 .rt-filter-item-wrap.rt-filter-button-wrap span.rt-filter-button-item:hover,\n\t\t\t\t\t#rt-tpg-container-3721271672 .rt-layout-filter-container .rt-filter-sub-tax.sub-button-group .rt-filter-button-item:hover,\n\t\t\t\t\t#rt-tpg-container-3721271672.rt-tpg-container .rt-pagination-wrap .rt-page-numbers .paginationjs .paginationjs-pages ul li>a:hover,\n\t\t\t\t\t#rt-tpg-container-3721271672.rt-tpg-container .rt-pagination-wrap .rt-cb-page-prev-next > *:hover,\n\t\t\t\t\t#rt-tpg-container-3721271672.rt-tpg-container .rt-pagination-wrap  .rt-loadmore-btn:hover,\n\t\t\t\t\t#rt-tpg-container-3721271672 .rt-read-more:hover,\n\t\t\t\t\t#rt-tpg-container-3721271672 .rt-tpg-utility .rt-tpg-load-more button:hover{background-color:#000080;}#rt-tpg-container-3721271672 .rt-filter-item-wrap.rt-filter-button-wrap span.rt-filter-button-item:hover,\n\t\t\t\t\t\t#rt-tpg-container-3721271672 .rt-layout-filter-container .rt-filter-sub-tax.sub-button-group .rt-filter-button-item:hover,\n\t\t\t\t\t\t#rt-tpg-container-3721271672.rt-tpg-container .swiper-navigation .slider-btn:hover,\n\t\t\t\t\t\t#rt-tpg-container-3721271672.rt-tpg-container .rt-pagination-wrap .rt-page-numbers .paginationjs .paginationjs-pages ul li>a:hover{border-color:#000080;}#rt-tpg-container-3721271672.rt-tpg-container .layout17 .rt-holder .overlay a.tpg-zoom:hover .fa{color:#000080;}#rt-tpg-container-3721271672 .rt-filter-item-wrap.rt-filter-button-wrap span.rt-filter-button-item:hover,\n\t\t\t\t\t#rt-tpg-container-3721271672 .rt-holder .read-more a:hover,\n\t\t\t\t\t#rt-tpg-container-3721271672.rt-tpg-container .swiper-navigation .slider-btn:hover,\n\t\t\t\t\t#rt-tpg-container-3721271672 .rt-layout-filter-container .rt-filter-sub-tax.sub-button-group .rt-filter-button-item:hover,\n\t\t\t\t\t#rt-tpg-container-3721271672 .rt-layout-filter-container .rt-filter-wrap .rt-filter-item-wrap.rt-filter-dropdown-wrap .rt-filter-dropdown .rt-filter-dropdown-item:hover,\n\t\t\t\t\t#rt-tpg-container-3721271672 .rt-layout-filter-container .rt-filter-wrap .rt-filter-item-wrap.rt-filter-dropdown-wrap .rt-filter-dropdown .rt-filter-dropdown-item.selected,\n\t\t\t\t\t#rt-tpg-container-3721271672 .rt-layout-filter-container .rt-filter-wrap .rt-filter-item-wrap.rt-sort-order-action:hover,\n\t\t\t\t\t#rt-tpg-container-3721271672.rt-tpg-container .rt-pagination-wrap .rt-page-numbers .paginationjs .paginationjs-pages ul li.active>a:hover,\n\t\t\t\t\t#rt-tpg-container-3721271672 .rt-filter-item-wrap.rt-filter-button-wrap span.rt-filter-button-item.selected,\n\t\t\t\t\t#rt-tpg-container-3721271672 .rt-layout-filter-container .rt-filter-wrap .rt-filter-item-wrap.rt-sort-order-action,\n\t\t\t\t\t#rt-tpg-container-3721271672.rt-tpg-container .rt-pagination-wrap  .rt-loadmore-btn:hover,\n\t\t\t\t\t#rt-tpg-container-3721271672 .rt-read-more:hover,\n\t\t\t\t\t#rt-tpg-container-3721271672.rt-tpg-container .rt-pagination-wrap .rt-page-numbers .paginationjs .paginationjs-pages ul li.active>a{color:#ffffff;}#rt-tpg-container-3721271672 .read-more a{border-radius:20px;}#rt-tpg-container-3721271672 .rt-img-holder img.rt-img-responsive,#rt-tpg-container-3721271672 .rt-img-holder,\n\t\t\t\t\t#rt-tpg-container-3721271672 .rt-post-overlay .post-img,\n\t\t\t\t\t#rt-tpg-container-3721271672 .post-sm .post-img,\n\t\t\t\t\t#rt-tpg-container-3721271672 .rt-post-grid .post-img,\n\t\t\t\t\t#rt-tpg-container-3721271672 .post-img img {border-radius:px;}#rt-tpg-container-3721271672 .layout1 .rt-holder h2.entry-title,\n\t\t\t\t\t#rt-tpg-container-3721271672 .layout1 .rt-holder h3.entry-title,\n\t\t\t\t\t#rt-tpg-container-3721271672 .layout1 .rt-holder h4.entry-title,\n\t\t\t\t\t#rt-tpg-container-3721271672 .layout1 .rt-holder h2.entry-title a,\n\t\t\t\t\t#rt-tpg-container-3721271672 .layout1 .rt-holder h3.entry-title a,\n\t\t\t\t\t#rt-tpg-container-3721271672 .layout1 .rt-holder h4.entry-title a,\n\t\t\t\t\t#rt-tpg-container-3721271672 .rt-holder .rt-woo-info h2 a,\n\t\t\t\t\t#rt-tpg-container-3721271672 .rt-holder .rt-woo-info h3 a,\n\t\t\t\t\t#rt-tpg-container-3721271672 .rt-holder .rt-woo-info h4 a,\n\t\t\t\t\t#rt-tpg-container-3721271672 .post-content .post-title,\n\t\t\t\t\t#rt-tpg-container-3721271672 .rt-post-grid .post-title,\n\t\t\t\t\t#rt-tpg-container-3721271672 .rt-post-grid .post-title a,\n\t\t\t\t\t#rt-tpg-container-3721271672 .post-content .post-title a,\n\t\t\t\t\t#rt-tpg-container-3721271672 .rt-holder .rt-woo-info h2,\n\t\t\t\t\t#rt-tpg-container-3721271672 .rt-holder .rt-woo-info h3,\n\t\t\t\t\t#rt-tpg-container-3721271672 .rt-holder .rt-woo-info h4{color:#000080;font-weight:lighter;text-align:center;}#rt-tpg-container-3721271672 .layout1 .rt-holder .tpg-excerpt,#rt-tpg-container-3721271672 .layout1 .tpg-excerpt,#rt-tpg-container-3721271672 .layout1 .rt-holder .post-content,#rt-tpg-container-3721271672 .rt-holder .rt-woo-info p,#rt-tpg-container-3721271672 .post-content p {text-align:center;}<\/style><div class='rt-container-fluid rt-tpg-container tpg-shortcode-main-wrapper ' id='rt-tpg-container-3721271672'   data-layout='layout1' data-grid-style='even' data-desktop-col='3'  data-tab-col='2'  data-mobile-col='1' data-sc-id='77'><div data-title='Loading ...' class='rt-row rt-content-loader   layout1 tpg-even '><div class=\"rt-col-md-4 rt-col-sm-6 rt-col-xs-12 even-grid-item rt-grid-item\" data-id=\"31\"><div class=\"rt-holder\"><div class=\"rt-img-holder\"><a data-id=\"31\" class=\"\" href=\"https:\/\/uxmedia-congo.com\/index.php\/2025\/05\/08\/site-web-sur-mesure\/\"><img loading=\"lazy\" decoding=\"async\" class=\"rt-img-responsive \" src=\"https:\/\/uxmedia-congo.com\/wp-content\/uploads\/2025\/05\/siteweb-min-1024x683.jpg\" width=\"1024\" height=\"683\" alt=\"Site web sur mesure\" \/><\/a><\/div><div class='rt-detail'><h3 class=\"entry-title\"><a data-id=\"31\" class=\"\" href=\"https:\/\/uxmedia-congo.com\/index.php\/2025\/05\/08\/site-web-sur-mesure\/\">Site web sur mesure<\/a><\/h3><div class='tpg-excerpt'>Nous d\u00e9veloppons un site web adapt\u00e9 \u00e0 vos besoins : vitrine, e-commerce ou plateforme personnalis\u00e9e...<\/div><div class='post-meta center'><span class='read-more'><a data-id='31' class='' href='https:\/\/uxmedia-congo.com\/index.php\/2025\/05\/08\/site-web-sur-mesure\/'>En savoir plus<\/a><\/span><\/div><\/div><\/div><\/div><div class=\"rt-col-md-4 rt-col-sm-6 rt-col-xs-12 even-grid-item rt-grid-item\" data-id=\"34\"><div class=\"rt-holder\"><div class=\"rt-img-holder\"><a data-id=\"34\" class=\"\" href=\"https:\/\/uxmedia-congo.com\/index.php\/2025\/05\/08\/application-mobile\/\"><img loading=\"lazy\" decoding=\"async\" class=\"rt-img-responsive \" src=\"https:\/\/uxmedia-congo.com\/wp-content\/uploads\/2025\/05\/application-mobile-min-1024x683.jpg\" width=\"1024\" height=\"683\" alt=\"Application mobile\" \/><\/a><\/div><div class='rt-detail'><h3 class=\"entry-title\"><a data-id=\"34\" class=\"\" href=\"https:\/\/uxmedia-congo.com\/index.php\/2025\/05\/08\/application-mobile\/\">Application mobile<\/a><\/h3><div class='tpg-excerpt'>Offrez une exp\u00e9rience mobile fluide \u00e0 vos utilisateurs avec une application iOS ou Android. Du...<\/div><div class='post-meta center'><span class='read-more'><a data-id='34' class='' href='https:\/\/uxmedia-congo.com\/index.php\/2025\/05\/08\/application-mobile\/'>En savoir plus<\/a><\/span><\/div><\/div><\/div><\/div><div class=\"rt-col-md-4 rt-col-sm-6 rt-col-xs-12 even-grid-item rt-grid-item\" data-id=\"37\"><div class=\"rt-holder\"><div class=\"rt-img-holder\"><a data-id=\"37\" class=\"\" href=\"https:\/\/uxmedia-congo.com\/index.php\/2025\/05\/08\/37\/\"><img loading=\"lazy\" decoding=\"async\" class=\"rt-img-responsive \" src=\"https:\/\/uxmedia-congo.com\/wp-content\/uploads\/2025\/05\/social-media-content-min-1024x683.jpg\" width=\"1024\" height=\"683\" alt=\"Contenu R\u00e9seaux Sociaux\" \/><\/a><\/div><div class='rt-detail'><h3 class=\"entry-title\"><a data-id=\"37\" class=\"\" href=\"https:\/\/uxmedia-congo.com\/index.php\/2025\/05\/08\/37\/\">Contenu R\u00e9seaux Sociaux<\/a><\/h3><div class='tpg-excerpt'>Offrez une exp\u00e9rience mobile fluide \u00e0 vos utilisateurs avec une application iOS ou Android. Du...<\/div><div class='post-meta center'><span class='read-more'><a data-id='37' class='' href='https:\/\/uxmedia-congo.com\/index.php\/2025\/05\/08\/37\/'>En savoir plus<\/a><\/span><\/div><\/div><\/div><\/div><\/div><\/div>\n<\/div><\/div>\n\n<\/div><\/div>","protected":false},"excerpt":{"rendered":"<p>Du site web \u00e0 l&rsquo;application mobile en passant par les contenus pour les r\u00e9seaux sociaux, nous cr\u00e9ons des supports digitaux innovants et sur mesure pour renforcer votre pr\u00e9sence en ligne.<\/p>\n","protected":false},"author":1,"featured_media":0,"parent":0,"menu_order":0,"comment_status":"closed","ping_status":"closed","template":"","meta":{"_kad_post_transparent":"","_kad_post_title":"hide","_kad_post_layout":"","_kad_post_sidebar_id":"","_kad_post_content_style":"unboxed","_kad_post_vertical_padding":"","_kad_post_feature":"","_kad_post_feature_position":"","_kad_post_header":false,"_kad_post_footer":false,"footnotes":""},"class_list":["post-87","page","type-page","status-publish","hentry"],"yoast_head":"<!-- This site is optimized with the Yoast SEO plugin v27.1.1 - https:\/\/yoast.com\/product\/yoast-seo-wordpress\/ -->\n<title>Cr\u00e9ation de Contenu Digital - uxmedia<\/title>\n<meta name=\"robots\" content=\"index, follow, max-snippet:-1, max-image-preview:large, max-video-preview:-1\" \/>\n<link rel=\"canonical\" href=\"https:\/\/uxmedia-congo.com\/index.php\/creation-de-contenu-digital\/\" \/>\n<meta property=\"og:locale\" content=\"fr_FR\" \/>\n<meta property=\"og:type\" content=\"article\" \/>\n<meta property=\"og:title\" content=\"Cr\u00e9ation de Contenu Digital - uxmedia\" \/>\n<meta property=\"og:description\" content=\"Du site web \u00e0 l&rsquo;application mobile en passant par les contenus pour les r\u00e9seaux sociaux, nous cr\u00e9ons des supports digitaux innovants et sur mesure pour renforcer votre pr\u00e9sence en ligne.\" \/>\n<meta property=\"og:url\" content=\"https:\/\/uxmedia-congo.com\/index.php\/creation-de-contenu-digital\/\" \/>\n<meta property=\"og:site_name\" content=\"uxmedia\" \/>\n<meta property=\"article:modified_time\" content=\"2025-05-10T11:46:25+00:00\" \/>\n<meta name=\"twitter:card\" content=\"summary_large_image\" \/>\n<script type=\"application\/ld+json\" class=\"yoast-schema-graph\">{\"@context\":\"https:\/\/schema.org\",\"@graph\":[{\"@type\":\"WebPage\",\"@id\":\"https:\/\/uxmedia-congo.com\/index.php\/creation-de-contenu-digital\/\",\"url\":\"https:\/\/uxmedia-congo.com\/index.php\/creation-de-contenu-digital\/\",\"name\":\"Cr\u00e9ation de Contenu Digital - uxmedia\",\"isPartOf\":{\"@id\":\"https:\/\/uxmedia-congo.com\/#website\"},\"datePublished\":\"2025-05-09T23:16:43+00:00\",\"dateModified\":\"2025-05-10T11:46:25+00:00\",\"breadcrumb\":{\"@id\":\"https:\/\/uxmedia-congo.com\/index.php\/creation-de-contenu-digital\/#breadcrumb\"},\"inLanguage\":\"fr-FR\",\"potentialAction\":[{\"@type\":\"ReadAction\",\"target\":[\"https:\/\/uxmedia-congo.com\/index.php\/creation-de-contenu-digital\/\"]}]},{\"@type\":\"BreadcrumbList\",\"@id\":\"https:\/\/uxmedia-congo.com\/index.php\/creation-de-contenu-digital\/#breadcrumb\",\"itemListElement\":[{\"@type\":\"ListItem\",\"position\":1,\"name\":\"Home\",\"item\":\"https:\/\/uxmedia-congo.com\/\"},{\"@type\":\"ListItem\",\"position\":2,\"name\":\"Cr\u00e9ation de Contenu Digital\"}]},{\"@type\":\"WebSite\",\"@id\":\"https:\/\/uxmedia-congo.com\/#website\",\"url\":\"https:\/\/uxmedia-congo.com\/\",\"name\":\"uxmedia\",\"description\":\"\",\"publisher\":{\"@id\":\"https:\/\/uxmedia-congo.com\/#organization\"},\"potentialAction\":[{\"@type\":\"SearchAction\",\"target\":{\"@type\":\"EntryPoint\",\"urlTemplate\":\"https:\/\/uxmedia-congo.com\/?s={search_term_string}\"},\"query-input\":{\"@type\":\"PropertyValueSpecification\",\"valueRequired\":true,\"valueName\":\"search_term_string\"}}],\"inLanguage\":\"fr-FR\"},{\"@type\":\"Organization\",\"@id\":\"https:\/\/uxmedia-congo.com\/#organization\",\"name\":\"uxmedia\",\"url\":\"https:\/\/uxmedia-congo.com\/\",\"logo\":{\"@type\":\"ImageObject\",\"inLanguage\":\"fr-FR\",\"@id\":\"https:\/\/uxmedia-congo.com\/#\/schema\/logo\/image\/\",\"url\":\"https:\/\/uxmedia-congo.com\/wp-content\/uploads\/2025\/05\/logo-black-resized.png\",\"contentUrl\":\"https:\/\/uxmedia-congo.com\/wp-content\/uploads\/2025\/05\/logo-black-resized.png\",\"width\":478,\"height\":173,\"caption\":\"uxmedia\"},\"image\":{\"@id\":\"https:\/\/uxmedia-congo.com\/#\/schema\/logo\/image\/\"}}]}<\/script>\n<!-- \/ Yoast SEO plugin. -->","yoast_head_json":{"title":"Cr\u00e9ation de Contenu Digital - uxmedia","robots":{"index":"index","follow":"follow","max-snippet":"max-snippet:-1","max-image-preview":"max-image-preview:large","max-video-preview":"max-video-preview:-1"},"canonical":"https:\/\/uxmedia-congo.com\/index.php\/creation-de-contenu-digital\/","og_locale":"fr_FR","og_type":"article","og_title":"Cr\u00e9ation de Contenu Digital - uxmedia","og_description":"Du site web \u00e0 l&rsquo;application mobile en passant par les contenus pour les r\u00e9seaux sociaux, nous cr\u00e9ons des supports digitaux innovants et sur mesure pour renforcer votre pr\u00e9sence en ligne.","og_url":"https:\/\/uxmedia-congo.com\/index.php\/creation-de-contenu-digital\/","og_site_name":"uxmedia","article_modified_time":"2025-05-10T11:46:25+00:00","twitter_card":"summary_large_image","schema":{"@context":"https:\/\/schema.org","@graph":[{"@type":"WebPage","@id":"https:\/\/uxmedia-congo.com\/index.php\/creation-de-contenu-digital\/","url":"https:\/\/uxmedia-congo.com\/index.php\/creation-de-contenu-digital\/","name":"Cr\u00e9ation de Contenu Digital - uxmedia","isPartOf":{"@id":"https:\/\/uxmedia-congo.com\/#website"},"datePublished":"2025-05-09T23:16:43+00:00","dateModified":"2025-05-10T11:46:25+00:00","breadcrumb":{"@id":"https:\/\/uxmedia-congo.com\/index.php\/creation-de-contenu-digital\/#breadcrumb"},"inLanguage":"fr-FR","potentialAction":[{"@type":"ReadAction","target":["https:\/\/uxmedia-congo.com\/index.php\/creation-de-contenu-digital\/"]}]},{"@type":"BreadcrumbList","@id":"https:\/\/uxmedia-congo.com\/index.php\/creation-de-contenu-digital\/#breadcrumb","itemListElement":[{"@type":"ListItem","position":1,"name":"Home","item":"https:\/\/uxmedia-congo.com\/"},{"@type":"ListItem","position":2,"name":"Cr\u00e9ation de Contenu Digital"}]},{"@type":"WebSite","@id":"https:\/\/uxmedia-congo.com\/#website","url":"https:\/\/uxmedia-congo.com\/","name":"uxmedia","description":"","publisher":{"@id":"https:\/\/uxmedia-congo.com\/#organization"},"potentialAction":[{"@type":"SearchAction","target":{"@type":"EntryPoint","urlTemplate":"https:\/\/uxmedia-congo.com\/?s={search_term_string}"},"query-input":{"@type":"PropertyValueSpecification","valueRequired":true,"valueName":"search_term_string"}}],"inLanguage":"fr-FR"},{"@type":"Organization","@id":"https:\/\/uxmedia-congo.com\/#organization","name":"uxmedia","url":"https:\/\/uxmedia-congo.com\/","logo":{"@type":"ImageObject","inLanguage":"fr-FR","@id":"https:\/\/uxmedia-congo.com\/#\/schema\/logo\/image\/","url":"https:\/\/uxmedia-congo.com\/wp-content\/uploads\/2025\/05\/logo-black-resized.png","contentUrl":"https:\/\/uxmedia-congo.com\/wp-content\/uploads\/2025\/05\/logo-black-resized.png","width":478,"height":173,"caption":"uxmedia"},"image":{"@id":"https:\/\/uxmedia-congo.com\/#\/schema\/logo\/image\/"}}]}},"rttpg_featured_image_url":null,"rttpg_author":{"display_name":"uxmedia","author_link":"https:\/\/uxmedia-congo.com\/index.php\/author\/uxmedia\/"},"rttpg_comment":0,"rttpg_category":"","rttpg_excerpt":"Du site web \u00e0 l&rsquo;application mobile en passant par les contenus pour les r\u00e9seaux sociaux, nous cr\u00e9ons des supports digitaux innovants et sur mesure pour renforcer votre pr\u00e9sence en ligne.","_links":{"self":[{"href":"https:\/\/uxmedia-congo.com\/index.php\/wp-json\/wp\/v2\/pages\/87","targetHints":{"allow":["GET"]}}],"collection":[{"href":"https:\/\/uxmedia-congo.com\/index.php\/wp-json\/wp\/v2\/pages"}],"about":[{"href":"https:\/\/uxmedia-congo.com\/index.php\/wp-json\/wp\/v2\/types\/page"}],"author":[{"embeddable":true,"href":"https:\/\/uxmedia-congo.com\/index.php\/wp-json\/wp\/v2\/users\/1"}],"replies":[{"embeddable":true,"href":"https:\/\/uxmedia-congo.com\/index.php\/wp-json\/wp\/v2\/comments?post=87"}],"version-history":[{"count":2,"href":"https:\/\/uxmedia-congo.com\/index.php\/wp-json\/wp\/v2\/pages\/87\/revisions"}],"predecessor-version":[{"id":116,"href":"https:\/\/uxmedia-congo.com\/index.php\/wp-json\/wp\/v2\/pages\/87\/revisions\/116"}],"wp:attachment":[{"href":"https:\/\/uxmedia-congo.com\/index.php\/wp-json\/wp\/v2\/media?parent=87"}],"curies":[{"name":"wp","href":"https:\/\/api.w.org\/{rel}","templated":true}]}}