{"id":84,"date":"2025-05-09T23:14:08","date_gmt":"2025-05-09T23:14:08","guid":{"rendered":"http:\/\/localhost\/uxmedia\/?page_id=84"},"modified":"2025-05-10T11:45:20","modified_gmt":"2025-05-10T11:45:20","slug":"production-video","status":"publish","type":"page","link":"https:\/\/uxmedia-congo.com\/index.php\/production-video\/","title":{"rendered":"Production Vid\u00e9o"},"content":{"rendered":"<style>.kb-row-layout-id84_ab775f-a7 > .kt-row-column-wrap{align-content:start;}:where(.kb-row-layout-id84_ab775f-a7 > .kt-row-column-wrap) > .wp-block-kadence-column{justify-content:start;}.kb-row-layout-id84_ab775f-a7 > .kt-row-column-wrap{column-gap:var(--global-kb-gap-md, 2rem);row-gap:var(--global-kb-gap-md, 2rem);padding-top:0px;padding-bottom:var(--global-kb-spacing-sm, 1.5rem);grid-template-columns:minmax(0, 1fr);}.kb-row-layout-id84_ab775f-a7 > .kt-row-layout-overlay{opacity:0.30;}@media all and (max-width: 1024px){.kb-row-layout-id84_ab775f-a7 > .kt-row-column-wrap{grid-template-columns:minmax(0, 1fr);}}@media all and (max-width: 767px){.kb-row-layout-id84_ab775f-a7 > .kt-row-column-wrap{grid-template-columns:minmax(0, 1fr);}}<\/style><div class=\"kb-row-layout-wrap kb-row-layout-id84_ab775f-a7 alignnone wp-block-kadence-rowlayout\"><div class=\"kt-row-column-wrap kt-has-1-columns kt-row-layout-equal kt-tab-layout-inherit kt-mobile-layout-row kt-row-valign-top\">\n<style>.kadence-column84_675e61-db > .kt-inside-inner-col,.kadence-column84_675e61-db > .kt-inside-inner-col:before{border-top-left-radius:0px;border-top-right-radius:0px;border-bottom-right-radius:0px;border-bottom-left-radius:0px;}.kadence-column84_675e61-db > .kt-inside-inner-col{column-gap:var(--global-kb-gap-sm, 1rem);}.kadence-column84_675e61-db > .kt-inside-inner-col{flex-direction:column;}.kadence-column84_675e61-db > .kt-inside-inner-col > .aligncenter{width:100%;}.kadence-column84_675e61-db > .kt-inside-inner-col:before{opacity:0.3;}.kadence-column84_675e61-db{position:relative;}@media all and (max-width: 1024px){.kadence-column84_675e61-db > .kt-inside-inner-col{flex-direction:column;justify-content:center;}}@media all and (max-width: 767px){.kadence-column84_675e61-db > .kt-inside-inner-col{flex-direction:column;justify-content:center;}}<\/style>\n<div class=\"wp-block-kadence-column kadence-column84_675e61-db\"><div class=\"kt-inside-inner-col\">\t\t<div class=\"rttpg-block-postgrid rttpg-block-wrapper rttpg-block-996c45 section-title-style-style1 section-title-align-center\">\n\t\t\t<div class=\"rt-container-fluid rt-tpg-container tpg-el-main-wrapper tpg-gutenberg clearfix\">\n\t\t\t\t<div class='tpg-header-wrapper'>\n\t\t\t\t\t\n        <div class=\"tpg-widget-heading-wrapper rt-clear heading-style1 \">\n            <span class=\"tpg-widget-heading-line line-left\"><\/span>\n\t\t\t<h1 class='tpg-widget-heading'>\n\t\t\t            <a href=\"#\"  target=&quot;_self&quot; >\n\t\t\t\t\n\t\t\t\t                    <span>\n\t\t\t\t\t\tProduction Vid\u00e9o\t\t\t\t\t<\/span>\n\t\t\t\t\t\n\t\t\t\t            <\/a>\n\n\t\t\t\t\t<\/h1>            <span class=\"tpg-widget-heading-line line-right\"><\/span>\n\n\t\t\t\n        <\/div>\n\n\t\t\n\t\t\t\t\t\t<\/div>\n\t\t\t<\/div>\n\t\t<\/div>\n\t\t<\/div><\/div>\n\n\n<style>.kadence-column84_17397f-9a > .kt-inside-inner-col,.kadence-column84_17397f-9a > .kt-inside-inner-col:before{border-top-left-radius:0px;border-top-right-radius:0px;border-bottom-right-radius:0px;border-bottom-left-radius:0px;}.kadence-column84_17397f-9a > .kt-inside-inner-col{column-gap:var(--global-kb-gap-sm, 1rem);}.kadence-column84_17397f-9a > .kt-inside-inner-col{flex-direction:column;}.kadence-column84_17397f-9a > .kt-inside-inner-col > .aligncenter{width:100%;}.kadence-column84_17397f-9a > .kt-inside-inner-col:before{opacity:0.3;}.kadence-column84_17397f-9a{position:relative;}@media all and (max-width: 1024px){.kadence-column84_17397f-9a > .kt-inside-inner-col{flex-direction:column;justify-content:center;}}@media all and (max-width: 767px){.kadence-column84_17397f-9a > .kt-inside-inner-col{flex-direction:column;justify-content:center;}}<\/style>\n<div class=\"wp-block-kadence-column kadence-column84_17397f-9a\"><div class=\"kt-inside-inner-col\">\n<p class=\"has-text-align-center\">Nous r\u00e9alisons des vid\u00e9os professionnelles adapt\u00e9es \u00e0 vos objectifs : promotion, institutionnel, \u00e9v\u00e9nementiel, clip, documentaire, motion design ou encore streaming en direct.<\/p>\n<\/div><\/div>\n\n\n<style>.kadence-column84_e74a17-5e > .kt-inside-inner-col,.kadence-column84_e74a17-5e > .kt-inside-inner-col:before{border-top-left-radius:0px;border-top-right-radius:0px;border-bottom-right-radius:0px;border-bottom-left-radius:0px;}.kadence-column84_e74a17-5e > .kt-inside-inner-col{column-gap:var(--global-kb-gap-sm, 1rem);}.kadence-column84_e74a17-5e > .kt-inside-inner-col{flex-direction:column;}.kadence-column84_e74a17-5e > .kt-inside-inner-col > .aligncenter{width:100%;}.kadence-column84_e74a17-5e > .kt-inside-inner-col:before{opacity:0.3;}.kadence-column84_e74a17-5e{position:relative;}@media all and (max-width: 1024px){.kadence-column84_e74a17-5e > .kt-inside-inner-col{flex-direction:column;justify-content:center;}}@media all and (max-width: 767px){.kadence-column84_e74a17-5e > .kt-inside-inner-col{flex-direction:column;justify-content:center;}}<\/style>\n<div class=\"wp-block-kadence-column kadence-column84_e74a17-5e\"><div class=\"kt-inside-inner-col\"><style type='text\/css' media='all'>#rt-tpg-container-2844432480 .rt-holder .rt-woo-info .price{color:#0367bf;}body .rt-tpg-container .rt-tpg-isotope-buttons .selected,\n\t\t\t\t\t#rt-tpg-container-2844432480 .layout12 .rt-holder:hover .rt-detail,\n\t\t\t\t\t#rt-tpg-container-2844432480 .isotope8 .rt-holder:hover .rt-detail,\n\t\t\t\t\t#rt-tpg-container-2844432480 .carousel8 .rt-holder:hover .rt-detail,\n\t\t\t\t\t#rt-tpg-container-2844432480 .layout13 .rt-holder .overlay .post-info,\n\t\t\t\t\t#rt-tpg-container-2844432480 .isotope9 .rt-holder .overlay .post-info,\n\t\t\t\t\t#rt-tpg-container-2844432480.rt-tpg-container .layout4 .rt-holder .rt-detail,\n\t\t\t\t\t.rt-modal-2844432480 .md-content,\n\t\t\t\t\t.rt-modal-2844432480 .md-content > .rt-md-content-holder .rt-md-content,\n\t\t\t\t\t.rt-popup-wrap-2844432480.rt-popup-wrap .rt-popup-navigation-wrap,\n\t\t\t\t\t#rt-tpg-container-2844432480 .carousel9 .rt-holder .overlay .post-info{background-color:#0367bf;}#rt-tpg-container-2844432480 .layout5 .rt-holder .overlay, #rt-tpg-container-2844432480 .isotope2 .rt-holder .overlay, #rt-tpg-container-2844432480 .carousel2 .rt-holder .overlay,#rt-tpg-container-2844432480 .layout15 .rt-holder h3, #rt-tpg-container-2844432480 .isotope11 .rt-holder h3, #rt-tpg-container-2844432480 .carousel11 .rt-holder h3, #rt-tpg-container-2844432480 .layout16 .rt-holder h3,\n\t\t\t\t\t#rt-tpg-container-2844432480 .isotope12 .rt-holder h3, #rt-tpg-container-2844432480 .carousel12 .rt-holder h3 {background-color:rgba(3,103,191,0.8);}#rt-tpg-container-2844432480 .pagination-list li a:hover,\n\t\t\t\t\t#rt-tpg-container-2844432480 .pagination li a:hover,\n\t\t\t\t\t#rt-tpg-container-2844432480 .rt-tpg-isotope-buttons button:hover,\n\t\t\t\t\t#rt-tpg-container-2844432480 .rt-holder .read-more a:hover,\n\t\t\t\t\t#rt-tpg-container-2844432480 .rt-tpg-utility .rt-tpg-load-more button:hover,\n\t\t\t\t\t#rt-tpg-container-2844432480.rt-tpg-container .swiper-pagination-bullet:hover,\n\t\t\t\t\t#rt-tpg-container-2844432480.rt-tpg-container .swiper-navigation .slider-btn:hover,\n\t\t\t\t\t#rt-tpg-container-2844432480 .wc1 .rt-holder .rt-img-holder .overlay .product-more ul li a:hover,\n\t\t\t\t\t#rt-tpg-container-2844432480 .wc2 .rt-detail .rt-wc-add-to-cart:hover,\n\t\t\t\t\t#rt-tpg-container-2844432480 .wc3 .rt-detail .rt-wc-add-to-cart:hover,\n\t\t\t\t\t#rt-tpg-container-2844432480 .wc4 .rt-detail .rt-wc-add-to-cart:hover,\n\t\t\t\t\t#rt-tpg-container-2844432480 .wc-carousel2 .rt-detail .rt-wc-add-to-cart:hover,\n\t\t\t\t\t#rt-tpg-container-2844432480 .wc-isotope2 .rt-detail .rt-wc-add-to-cart:hover,\n\t\t\t\t\t#rt-tpg-container-2844432480 .rt-layout-filter-container .rt-filter-wrap .rt-filter-item-wrap.rt-filter-dropdown-wrap .rt-filter-dropdown .rt-filter-dropdown-item:hover,\n\t\t\t\t\t#rt-tpg-container-2844432480 .rt-layout-filter-container .rt-filter-wrap .rt-filter-item-wrap.rt-filter-dropdown-wrap .rt-filter-dropdown .rt-filter-dropdown-item.selected,\n\t\t\t\t\t#rt-tpg-container-2844432480 .rt-filter-item-wrap.rt-filter-button-wrap span.rt-filter-button-item:hover,\n\t\t\t\t\t#rt-tpg-container-2844432480 .rt-layout-filter-container .rt-filter-sub-tax.sub-button-group .rt-filter-button-item:hover,\n\t\t\t\t\t#rt-tpg-container-2844432480.rt-tpg-container .rt-pagination-wrap .rt-page-numbers .paginationjs .paginationjs-pages ul li>a:hover,\n\t\t\t\t\t#rt-tpg-container-2844432480.rt-tpg-container .rt-pagination-wrap .rt-cb-page-prev-next > *:hover,\n\t\t\t\t\t#rt-tpg-container-2844432480.rt-tpg-container .rt-pagination-wrap  .rt-loadmore-btn:hover,\n\t\t\t\t\t#rt-tpg-container-2844432480 .rt-read-more:hover,\n\t\t\t\t\t#rt-tpg-container-2844432480 .rt-tpg-utility .rt-tpg-load-more button:hover{background-color:#000080;}#rt-tpg-container-2844432480 .rt-filter-item-wrap.rt-filter-button-wrap span.rt-filter-button-item:hover,\n\t\t\t\t\t\t#rt-tpg-container-2844432480 .rt-layout-filter-container .rt-filter-sub-tax.sub-button-group .rt-filter-button-item:hover,\n\t\t\t\t\t\t#rt-tpg-container-2844432480.rt-tpg-container .swiper-navigation .slider-btn:hover,\n\t\t\t\t\t\t#rt-tpg-container-2844432480.rt-tpg-container .rt-pagination-wrap .rt-page-numbers .paginationjs .paginationjs-pages ul li>a:hover{border-color:#000080;}#rt-tpg-container-2844432480.rt-tpg-container .layout17 .rt-holder .overlay a.tpg-zoom:hover .fa{color:#000080;}#rt-tpg-container-2844432480 .rt-filter-item-wrap.rt-filter-button-wrap span.rt-filter-button-item:hover,\n\t\t\t\t\t#rt-tpg-container-2844432480 .rt-holder .read-more a:hover,\n\t\t\t\t\t#rt-tpg-container-2844432480.rt-tpg-container .swiper-navigation .slider-btn:hover,\n\t\t\t\t\t#rt-tpg-container-2844432480 .rt-layout-filter-container .rt-filter-sub-tax.sub-button-group .rt-filter-button-item:hover,\n\t\t\t\t\t#rt-tpg-container-2844432480 .rt-layout-filter-container .rt-filter-wrap .rt-filter-item-wrap.rt-filter-dropdown-wrap .rt-filter-dropdown .rt-filter-dropdown-item:hover,\n\t\t\t\t\t#rt-tpg-container-2844432480 .rt-layout-filter-container .rt-filter-wrap .rt-filter-item-wrap.rt-filter-dropdown-wrap .rt-filter-dropdown .rt-filter-dropdown-item.selected,\n\t\t\t\t\t#rt-tpg-container-2844432480 .rt-layout-filter-container .rt-filter-wrap .rt-filter-item-wrap.rt-sort-order-action:hover,\n\t\t\t\t\t#rt-tpg-container-2844432480.rt-tpg-container .rt-pagination-wrap .rt-page-numbers .paginationjs .paginationjs-pages ul li.active>a:hover,\n\t\t\t\t\t#rt-tpg-container-2844432480 .rt-filter-item-wrap.rt-filter-button-wrap span.rt-filter-button-item.selected,\n\t\t\t\t\t#rt-tpg-container-2844432480 .rt-layout-filter-container .rt-filter-wrap .rt-filter-item-wrap.rt-sort-order-action,\n\t\t\t\t\t#rt-tpg-container-2844432480.rt-tpg-container .rt-pagination-wrap  .rt-loadmore-btn:hover,\n\t\t\t\t\t#rt-tpg-container-2844432480 .rt-read-more:hover,\n\t\t\t\t\t#rt-tpg-container-2844432480.rt-tpg-container .rt-pagination-wrap .rt-page-numbers .paginationjs .paginationjs-pages ul li.active>a{color:#fff;}#rt-tpg-container-2844432480 .read-more a{border-radius:20px;}#rt-tpg-container-2844432480 .rt-img-holder img.rt-img-responsive,#rt-tpg-container-2844432480 .rt-img-holder,\n\t\t\t\t\t#rt-tpg-container-2844432480 .rt-post-overlay .post-img,\n\t\t\t\t\t#rt-tpg-container-2844432480 .post-sm .post-img,\n\t\t\t\t\t#rt-tpg-container-2844432480 .rt-post-grid .post-img,\n\t\t\t\t\t#rt-tpg-container-2844432480 .post-img img {border-radius:px;}#rt-tpg-container-2844432480 .layout1 .rt-holder h2.entry-title,\n\t\t\t\t\t#rt-tpg-container-2844432480 .layout1 .rt-holder h3.entry-title,\n\t\t\t\t\t#rt-tpg-container-2844432480 .layout1 .rt-holder h4.entry-title,\n\t\t\t\t\t#rt-tpg-container-2844432480 .layout1 .rt-holder h2.entry-title a,\n\t\t\t\t\t#rt-tpg-container-2844432480 .layout1 .rt-holder h3.entry-title a,\n\t\t\t\t\t#rt-tpg-container-2844432480 .layout1 .rt-holder h4.entry-title a,\n\t\t\t\t\t#rt-tpg-container-2844432480 .rt-holder .rt-woo-info h2 a,\n\t\t\t\t\t#rt-tpg-container-2844432480 .rt-holder .rt-woo-info h3 a,\n\t\t\t\t\t#rt-tpg-container-2844432480 .rt-holder .rt-woo-info h4 a,\n\t\t\t\t\t#rt-tpg-container-2844432480 .post-content .post-title,\n\t\t\t\t\t#rt-tpg-container-2844432480 .rt-post-grid .post-title,\n\t\t\t\t\t#rt-tpg-container-2844432480 .rt-post-grid .post-title a,\n\t\t\t\t\t#rt-tpg-container-2844432480 .post-content .post-title a,\n\t\t\t\t\t#rt-tpg-container-2844432480 .rt-holder .rt-woo-info h2,\n\t\t\t\t\t#rt-tpg-container-2844432480 .rt-holder .rt-woo-info h3,\n\t\t\t\t\t#rt-tpg-container-2844432480 .rt-holder .rt-woo-info h4{color:#000080;font-weight:lighter;text-align:center;}#rt-tpg-container-2844432480 .layout1 .rt-holder .tpg-excerpt,#rt-tpg-container-2844432480 .layout1 .tpg-excerpt,#rt-tpg-container-2844432480 .layout1 .rt-holder .post-content,#rt-tpg-container-2844432480 .rt-holder .rt-woo-info p,#rt-tpg-container-2844432480 .post-content p {text-align:center;}<\/style><div class='rt-container-fluid rt-tpg-container tpg-shortcode-main-wrapper ' id='rt-tpg-container-2844432480'   data-layout='layout1' data-grid-style='even' data-desktop-col='3'  data-tab-col='2'  data-mobile-col='1' data-sc-id='76'><div data-title='Loading ...' class='rt-row rt-content-loader   layout1 tpg-even '><div class=\"rt-col-md-4 rt-col-sm-6 rt-col-xs-12 even-grid-item rt-grid-item\" data-id=\"7\"><div class=\"rt-holder\"><div class=\"rt-img-holder\"><a data-id=\"7\" class=\"\" href=\"https:\/\/uxmedia-congo.com\/index.php\/2025\/05\/08\/captation-montage-video-professionnel\/\"><img loading=\"lazy\" decoding=\"async\" class=\"rt-img-responsive \" src=\"https:\/\/uxmedia-congo.com\/wp-content\/uploads\/2025\/05\/realisatoin-audiovisuelle-creative-min-scaled-e1746878973698-1024x570.jpg\" width=\"1024\" height=\"570\" alt=\"Captation &amp; Montage Vid\u00e9o Professionnel\" \/><\/a><\/div><div class='rt-detail'><h3 class=\"entry-title\"><a data-id=\"7\" class=\"\" href=\"https:\/\/uxmedia-congo.com\/index.php\/2025\/05\/08\/captation-montage-video-professionnel\/\">Captation &amp; Montage Vid\u00e9o Professionnel<\/a><\/h3><div class='tpg-excerpt'>Valorisez votre entreprise avec des vid\u00e9os professionnelles : promotionnelles, institutionnelles ou produits. Gr\u00e2ce \u00e0 une...<\/div><div class='post-meta center'><span class='read-more'><a data-id='7' class='' href='https:\/\/uxmedia-congo.com\/index.php\/2025\/05\/08\/captation-montage-video-professionnel\/'>En savoir plus<\/a><\/span><\/div><\/div><\/div><\/div><div class=\"rt-col-md-4 rt-col-sm-6 rt-col-xs-12 even-grid-item rt-grid-item\" data-id=\"23\"><div class=\"rt-holder\"><div class=\"rt-img-holder\"><a data-id=\"23\" class=\"\" href=\"https:\/\/uxmedia-congo.com\/index.php\/2025\/05\/08\/realisation-de-projets-audiovisuels\/\"><img loading=\"lazy\" decoding=\"async\" class=\"rt-img-responsive \" src=\"https:\/\/uxmedia-congo.com\/wp-content\/uploads\/2025\/05\/corporate-video-min-1024x574.jpg\" width=\"1024\" height=\"574\" alt=\"R\u00e9alisation de Projets Audiovisuels\" \/><\/a><\/div><div class='rt-detail'><h3 class=\"entry-title\"><a data-id=\"23\" class=\"\" href=\"https:\/\/uxmedia-congo.com\/index.php\/2025\/05\/08\/realisation-de-projets-audiovisuels\/\">R\u00e9alisation de Projets Audiovisuels<\/a><\/h3><div class='tpg-excerpt'>Donnez vie \u00e0 vos id\u00e9es \u00e0 travers des courts-m\u00e9trages, documentaires ou clips musicaux. De la...<\/div><div class='post-meta center'><span class='read-more'><a data-id='23' class='' href='https:\/\/uxmedia-congo.com\/index.php\/2025\/05\/08\/realisation-de-projets-audiovisuels\/'>En savoir plus<\/a><\/span><\/div><\/div><\/div><\/div><div class=\"rt-col-md-4 rt-col-sm-6 rt-col-xs-12 even-grid-item rt-grid-item\" data-id=\"25\"><div class=\"rt-holder\"><div class=\"rt-img-holder\"><a data-id=\"25\" class=\"\" href=\"https:\/\/uxmedia-congo.com\/index.php\/2025\/05\/08\/animation-motion-design\/\"><img loading=\"lazy\" decoding=\"async\" class=\"rt-img-responsive \" src=\"https:\/\/uxmedia-congo.com\/wp-content\/uploads\/2025\/05\/animated-video-min-scaled-e1746878810929-1024x570.jpg\" width=\"1024\" height=\"570\" alt=\"Animation &amp; Motion Design\" \/><\/a><\/div><div class='rt-detail'><h3 class=\"entry-title\"><a data-id=\"25\" class=\"\" href=\"https:\/\/uxmedia-congo.com\/index.php\/2025\/05\/08\/animation-motion-design\/\">Animation &amp; Motion Design<\/a><\/h3><div class='tpg-excerpt'>Expliquez vos id\u00e9es avec clart\u00e9 et style gr\u00e2ce \u00e0 l\u2019animation 2D\/3D et au motion design...<\/div><div class='post-meta center'><span class='read-more'><a data-id='25' class='' href='https:\/\/uxmedia-congo.com\/index.php\/2025\/05\/08\/animation-motion-design\/'>En savoir plus<\/a><\/span><\/div><\/div><\/div><\/div><div class=\"rt-col-md-4 rt-col-sm-6 rt-col-xs-12 even-grid-item rt-grid-item\" data-id=\"29\"><div class=\"rt-holder\"><div class=\"rt-img-holder\"><a data-id=\"29\" class=\"\" href=\"https:\/\/uxmedia-congo.com\/index.php\/2025\/05\/08\/live-streaming\/\"><img loading=\"lazy\" decoding=\"async\" class=\"rt-img-responsive \" src=\"https:\/\/uxmedia-congo.com\/wp-content\/uploads\/2025\/05\/live-streaming-min-scaled-e1746879062497-1024x570.jpg\" width=\"1024\" height=\"570\" alt=\"Live streaming\" \/><\/a><\/div><div class='rt-detail'><h3 class=\"entry-title\"><a data-id=\"29\" class=\"\" href=\"https:\/\/uxmedia-congo.com\/index.php\/2025\/05\/08\/live-streaming\/\">Live streaming<\/a><\/h3><div class='tpg-excerpt'>Diffusez vos conf\u00e9rences, \u00e9v\u00e9nements ou lancements en direct sur vos r\u00e9seaux. Nous vous accompagnons avec...<\/div><div class='post-meta center'><span class='read-more'><a data-id='29' class='' href='https:\/\/uxmedia-congo.com\/index.php\/2025\/05\/08\/live-streaming\/'>En savoir plus<\/a><\/span><\/div><\/div><\/div><\/div><\/div><\/div>\n<\/div><\/div>\n\n<\/div><\/div>","protected":false},"excerpt":{"rendered":"<p>Nous r\u00e9alisons des vid\u00e9os professionnelles adapt\u00e9es \u00e0 vos objectifs : promotion, institutionnel, \u00e9v\u00e9nementiel, clip, documentaire, motion design ou encore streaming en direct.<\/p>\n","protected":false},"author":1,"featured_media":0,"parent":0,"menu_order":0,"comment_status":"closed","ping_status":"closed","template":"","meta":{"_kad_post_transparent":"","_kad_post_title":"hide","_kad_post_layout":"default","_kad_post_sidebar_id":"","_kad_post_content_style":"unboxed","_kad_post_vertical_padding":"","_kad_post_feature":"","_kad_post_feature_position":"","_kad_post_header":false,"_kad_post_footer":false,"footnotes":""},"class_list":["post-84","page","type-page","status-publish","hentry"],"yoast_head":"<!-- This site is optimized with the Yoast SEO plugin v27.1.1 - https:\/\/yoast.com\/product\/yoast-seo-wordpress\/ -->\n<title>Production Vid\u00e9o - uxmedia<\/title>\n<meta name=\"robots\" content=\"index, follow, max-snippet:-1, max-image-preview:large, max-video-preview:-1\" \/>\n<link rel=\"canonical\" href=\"https:\/\/uxmedia-congo.com\/index.php\/production-video\/\" \/>\n<meta property=\"og:locale\" content=\"fr_FR\" \/>\n<meta property=\"og:type\" content=\"article\" \/>\n<meta property=\"og:title\" content=\"Production Vid\u00e9o - uxmedia\" \/>\n<meta property=\"og:description\" content=\"Nous r\u00e9alisons des vid\u00e9os professionnelles adapt\u00e9es \u00e0 vos objectifs : promotion, institutionnel, \u00e9v\u00e9nementiel, clip, documentaire, motion design ou encore streaming en direct.\" \/>\n<meta property=\"og:url\" content=\"https:\/\/uxmedia-congo.com\/index.php\/production-video\/\" \/>\n<meta property=\"og:site_name\" content=\"uxmedia\" \/>\n<meta property=\"article:modified_time\" content=\"2025-05-10T11:45:20+00:00\" \/>\n<meta name=\"twitter:card\" content=\"summary_large_image\" \/>\n<script type=\"application\/ld+json\" class=\"yoast-schema-graph\">{\"@context\":\"https:\/\/schema.org\",\"@graph\":[{\"@type\":\"WebPage\",\"@id\":\"https:\/\/uxmedia-congo.com\/index.php\/production-video\/\",\"url\":\"https:\/\/uxmedia-congo.com\/index.php\/production-video\/\",\"name\":\"Production Vid\u00e9o - uxmedia\",\"isPartOf\":{\"@id\":\"https:\/\/uxmedia-congo.com\/#website\"},\"datePublished\":\"2025-05-09T23:14:08+00:00\",\"dateModified\":\"2025-05-10T11:45:20+00:00\",\"breadcrumb\":{\"@id\":\"https:\/\/uxmedia-congo.com\/index.php\/production-video\/#breadcrumb\"},\"inLanguage\":\"fr-FR\",\"potentialAction\":[{\"@type\":\"ReadAction\",\"target\":[\"https:\/\/uxmedia-congo.com\/index.php\/production-video\/\"]}]},{\"@type\":\"BreadcrumbList\",\"@id\":\"https:\/\/uxmedia-congo.com\/index.php\/production-video\/#breadcrumb\",\"itemListElement\":[{\"@type\":\"ListItem\",\"position\":1,\"name\":\"Home\",\"item\":\"https:\/\/uxmedia-congo.com\/\"},{\"@type\":\"ListItem\",\"position\":2,\"name\":\"Production Vid\u00e9o\"}]},{\"@type\":\"WebSite\",\"@id\":\"https:\/\/uxmedia-congo.com\/#website\",\"url\":\"https:\/\/uxmedia-congo.com\/\",\"name\":\"uxmedia\",\"description\":\"\",\"publisher\":{\"@id\":\"https:\/\/uxmedia-congo.com\/#organization\"},\"potentialAction\":[{\"@type\":\"SearchAction\",\"target\":{\"@type\":\"EntryPoint\",\"urlTemplate\":\"https:\/\/uxmedia-congo.com\/?s={search_term_string}\"},\"query-input\":{\"@type\":\"PropertyValueSpecification\",\"valueRequired\":true,\"valueName\":\"search_term_string\"}}],\"inLanguage\":\"fr-FR\"},{\"@type\":\"Organization\",\"@id\":\"https:\/\/uxmedia-congo.com\/#organization\",\"name\":\"uxmedia\",\"url\":\"https:\/\/uxmedia-congo.com\/\",\"logo\":{\"@type\":\"ImageObject\",\"inLanguage\":\"fr-FR\",\"@id\":\"https:\/\/uxmedia-congo.com\/#\/schema\/logo\/image\/\",\"url\":\"https:\/\/uxmedia-congo.com\/wp-content\/uploads\/2025\/05\/logo-black-resized.png\",\"contentUrl\":\"https:\/\/uxmedia-congo.com\/wp-content\/uploads\/2025\/05\/logo-black-resized.png\",\"width\":478,\"height\":173,\"caption\":\"uxmedia\"},\"image\":{\"@id\":\"https:\/\/uxmedia-congo.com\/#\/schema\/logo\/image\/\"}}]}<\/script>\n<!-- \/ Yoast SEO plugin. -->","yoast_head_json":{"title":"Production Vid\u00e9o - uxmedia","robots":{"index":"index","follow":"follow","max-snippet":"max-snippet:-1","max-image-preview":"max-image-preview:large","max-video-preview":"max-video-preview:-1"},"canonical":"https:\/\/uxmedia-congo.com\/index.php\/production-video\/","og_locale":"fr_FR","og_type":"article","og_title":"Production Vid\u00e9o - uxmedia","og_description":"Nous r\u00e9alisons des vid\u00e9os professionnelles adapt\u00e9es \u00e0 vos objectifs : promotion, institutionnel, \u00e9v\u00e9nementiel, clip, documentaire, motion design ou encore streaming en direct.","og_url":"https:\/\/uxmedia-congo.com\/index.php\/production-video\/","og_site_name":"uxmedia","article_modified_time":"2025-05-10T11:45:20+00:00","twitter_card":"summary_large_image","schema":{"@context":"https:\/\/schema.org","@graph":[{"@type":"WebPage","@id":"https:\/\/uxmedia-congo.com\/index.php\/production-video\/","url":"https:\/\/uxmedia-congo.com\/index.php\/production-video\/","name":"Production Vid\u00e9o - uxmedia","isPartOf":{"@id":"https:\/\/uxmedia-congo.com\/#website"},"datePublished":"2025-05-09T23:14:08+00:00","dateModified":"2025-05-10T11:45:20+00:00","breadcrumb":{"@id":"https:\/\/uxmedia-congo.com\/index.php\/production-video\/#breadcrumb"},"inLanguage":"fr-FR","potentialAction":[{"@type":"ReadAction","target":["https:\/\/uxmedia-congo.com\/index.php\/production-video\/"]}]},{"@type":"BreadcrumbList","@id":"https:\/\/uxmedia-congo.com\/index.php\/production-video\/#breadcrumb","itemListElement":[{"@type":"ListItem","position":1,"name":"Home","item":"https:\/\/uxmedia-congo.com\/"},{"@type":"ListItem","position":2,"name":"Production Vid\u00e9o"}]},{"@type":"WebSite","@id":"https:\/\/uxmedia-congo.com\/#website","url":"https:\/\/uxmedia-congo.com\/","name":"uxmedia","description":"","publisher":{"@id":"https:\/\/uxmedia-congo.com\/#organization"},"potentialAction":[{"@type":"SearchAction","target":{"@type":"EntryPoint","urlTemplate":"https:\/\/uxmedia-congo.com\/?s={search_term_string}"},"query-input":{"@type":"PropertyValueSpecification","valueRequired":true,"valueName":"search_term_string"}}],"inLanguage":"fr-FR"},{"@type":"Organization","@id":"https:\/\/uxmedia-congo.com\/#organization","name":"uxmedia","url":"https:\/\/uxmedia-congo.com\/","logo":{"@type":"ImageObject","inLanguage":"fr-FR","@id":"https:\/\/uxmedia-congo.com\/#\/schema\/logo\/image\/","url":"https:\/\/uxmedia-congo.com\/wp-content\/uploads\/2025\/05\/logo-black-resized.png","contentUrl":"https:\/\/uxmedia-congo.com\/wp-content\/uploads\/2025\/05\/logo-black-resized.png","width":478,"height":173,"caption":"uxmedia"},"image":{"@id":"https:\/\/uxmedia-congo.com\/#\/schema\/logo\/image\/"}}]}},"rttpg_featured_image_url":null,"rttpg_author":{"display_name":"uxmedia","author_link":"https:\/\/uxmedia-congo.com\/index.php\/author\/uxmedia\/"},"rttpg_comment":0,"rttpg_category":"","rttpg_excerpt":"Nous r\u00e9alisons des vid\u00e9os professionnelles adapt\u00e9es \u00e0 vos objectifs : promotion, institutionnel, \u00e9v\u00e9nementiel, clip, documentaire, motion design ou encore streaming en direct.","_links":{"self":[{"href":"https:\/\/uxmedia-congo.com\/index.php\/wp-json\/wp\/v2\/pages\/84","targetHints":{"allow":["GET"]}}],"collection":[{"href":"https:\/\/uxmedia-congo.com\/index.php\/wp-json\/wp\/v2\/pages"}],"about":[{"href":"https:\/\/uxmedia-congo.com\/index.php\/wp-json\/wp\/v2\/types\/page"}],"author":[{"embeddable":true,"href":"https:\/\/uxmedia-congo.com\/index.php\/wp-json\/wp\/v2\/users\/1"}],"replies":[{"embeddable":true,"href":"https:\/\/uxmedia-congo.com\/index.php\/wp-json\/wp\/v2\/comments?post=84"}],"version-history":[{"count":5,"href":"https:\/\/uxmedia-congo.com\/index.php\/wp-json\/wp\/v2\/pages\/84\/revisions"}],"predecessor-version":[{"id":112,"href":"https:\/\/uxmedia-congo.com\/index.php\/wp-json\/wp\/v2\/pages\/84\/revisions\/112"}],"wp:attachment":[{"href":"https:\/\/uxmedia-congo.com\/index.php\/wp-json\/wp\/v2\/media?parent=84"}],"curies":[{"name":"wp","href":"https:\/\/api.w.org\/{rel}","templated":true}]}}