{"id":231,"date":"2025-05-14T10:04:18","date_gmt":"2025-05-14T10:04:18","guid":{"rendered":"http:\/\/localhost\/uxmedia\/?page_id=231"},"modified":"2025-06-09T08:45:51","modified_gmt":"2025-06-09T08:45:51","slug":"contact","status":"publish","type":"page","link":"https:\/\/uxmedia-congo.com\/index.php\/contact\/","title":{"rendered":"Contact"},"content":{"rendered":"\t\t<div class=\"rttpg-block-postgrid rttpg-block-wrapper rttpg-block-e9d24b section-title-style-style1 section-title-align-center\">\n\t\t\t<div class=\"rt-container-fluid rt-tpg-container tpg-el-main-wrapper tpg-gutenberg clearfix\">\n\t\t\t\t<div class='tpg-header-wrapper'>\n\t\t\t\t\t\n        <div class=\"tpg-widget-heading-wrapper rt-clear heading-style1 \">\n            <span class=\"tpg-widget-heading-line line-left\"><\/span>\n\t\t\t<h1 class='tpg-widget-heading'>\n\t\t\t            <a href=\"#\"  target=&quot;_self&quot; >\n\t\t\t\t\n\t\t\t\t                    <span>\n\t\t\t\t\t\tNous contacter\t\t\t\t\t<\/span>\n\t\t\t\t\t\n\t\t\t\t            <\/a>\n\n\t\t\t\t\t<\/h1>            <span class=\"tpg-widget-heading-line line-right\"><\/span>\n\n\t\t\t\n        <\/div>\n\n\t\t\n\t\t\t\t\t\t<\/div>\n\t\t\t<\/div>\n\t\t<\/div>\n\t\t\n\n<style>.kb-row-layout-id231_219181-18 > .kt-row-column-wrap{align-content:start;}:where(.kb-row-layout-id231_219181-18 > .kt-row-column-wrap) > .wp-block-kadence-column{justify-content:start;}.kb-row-layout-id231_219181-18 > .kt-row-column-wrap{column-gap:var(--global-kb-gap-none, 0rem );row-gap:var(--global-kb-gap-none, 0rem );padding-top:var(--global-kb-spacing-sm, 1.5rem);padding-right:var(--global-kb-spacing-xxl, 5rem);padding-bottom:var(--global-kb-spacing-sm, 1.5rem);padding-left:var(--global-kb-spacing-xxl, 5rem);grid-template-columns:minmax(0, 1fr) minmax(0, 2fr);}.kb-row-layout-id231_219181-18 > .kt-row-layout-overlay{opacity:0.30;}@media all and (max-width: 1024px){.kb-row-layout-id231_219181-18 > .kt-row-column-wrap{grid-template-columns:minmax(0, 1fr) minmax(0, 2fr);}}@media all and (max-width: 767px){.kb-row-layout-id231_219181-18 > .kt-row-column-wrap{grid-template-columns:minmax(0, 1fr);}}<\/style><div class=\"kb-row-layout-wrap kb-row-layout-id231_219181-18 alignnone wp-block-kadence-rowlayout\"><div class=\"kt-row-column-wrap kt-has-2-columns kt-row-layout-right-golden kt-tab-layout-inherit kt-mobile-layout-row kt-row-valign-top\">\n<style>.kadence-column231_c9bbc7-f1 > .kt-inside-inner-col,.kadence-column231_c9bbc7-f1 > .kt-inside-inner-col:before{border-top-left-radius:0px;border-top-right-radius:0px;border-bottom-right-radius:0px;border-bottom-left-radius:0px;}.kadence-column231_c9bbc7-f1 > .kt-inside-inner-col{column-gap:var(--global-kb-gap-sm, 1rem);}.kadence-column231_c9bbc7-f1 > .kt-inside-inner-col{flex-direction:column;}.kadence-column231_c9bbc7-f1 > .kt-inside-inner-col > .aligncenter{width:100%;}.kadence-column231_c9bbc7-f1 > .kt-inside-inner-col:before{opacity:0.3;}.kadence-column231_c9bbc7-f1{position:relative;}@media all and (max-width: 1024px){.kadence-column231_c9bbc7-f1 > .kt-inside-inner-col{flex-direction:column;justify-content:center;}}@media all and (max-width: 767px){.kadence-column231_c9bbc7-f1 > .kt-inside-inner-col{flex-direction:column;justify-content:center;}}<\/style>\n<div class=\"wp-block-kadence-column kadence-column231_c9bbc7-f1\"><div class=\"kt-inside-inner-col\"><style>.wp-block-kadence-advancedheading.kt-adv-heading231_92ddac-31, .wp-block-kadence-advancedheading.kt-adv-heading231_92ddac-31[data-kb-block=\"kb-adv-heading231_92ddac-31\"]{text-align:center;font-size:var(--global-kb-font-size-lg, 2rem);font-style:normal;}.wp-block-kadence-advancedheading.kt-adv-heading231_92ddac-31 mark.kt-highlight, .wp-block-kadence-advancedheading.kt-adv-heading231_92ddac-31[data-kb-block=\"kb-adv-heading231_92ddac-31\"] mark.kt-highlight{font-style:normal;color:#f76a0c;-webkit-box-decoration-break:clone;box-decoration-break:clone;padding-top:0px;padding-right:0px;padding-bottom:0px;padding-left:0px;}.wp-block-kadence-advancedheading.kt-adv-heading231_92ddac-31 img.kb-inline-image, .wp-block-kadence-advancedheading.kt-adv-heading231_92ddac-31[data-kb-block=\"kb-adv-heading231_92ddac-31\"] img.kb-inline-image{width:150px;vertical-align:baseline;}<\/style>\n<p class=\"kt-adv-heading231_92ddac-31 wp-block-kadence-advancedheading\" data-kb-block=\"kb-adv-heading231_92ddac-31\">Une question, un projet ? \u00c9crivez-nous, notre \u00e9quipe vous r\u00e9pond sous 24h !<\/p>\n<\/div><\/div>\n\n\n<style>.kadence-column231_296352-1a > .kt-inside-inner-col{padding-top:0px;padding-right:var(--global-kb-spacing-xl, 4rem);padding-left:var(--global-kb-spacing-xl, 4rem);}.kadence-column231_296352-1a > .kt-inside-inner-col,.kadence-column231_296352-1a > .kt-inside-inner-col:before{border-top-left-radius:0px;border-top-right-radius:0px;border-bottom-right-radius:0px;border-bottom-left-radius:0px;}.kadence-column231_296352-1a > .kt-inside-inner-col{column-gap:var(--global-kb-gap-sm, 1rem);}.kadence-column231_296352-1a > .kt-inside-inner-col{flex-direction:column;}.kadence-column231_296352-1a > .kt-inside-inner-col > .aligncenter{width:100%;}.kadence-column231_296352-1a > .kt-inside-inner-col:before{opacity:0.3;}.kadence-column231_296352-1a{position:relative;}@media all and (max-width: 1024px){.kadence-column231_296352-1a > .kt-inside-inner-col{flex-direction:column;justify-content:center;}}@media all and (max-width: 767px){.kadence-column231_296352-1a > .kt-inside-inner-col{flex-direction:column;justify-content:center;}}<\/style>\n<div class=\"wp-block-kadence-column kadence-column231_296352-1a\"><div class=\"kt-inside-inner-col\">\n<div class=\"wpcf7 no-js\" id=\"wpcf7-f198-o1\" lang=\"en-US\" dir=\"ltr\" data-wpcf7-id=\"198\">\n<div class=\"screen-reader-response\"><p role=\"status\" aria-live=\"polite\" aria-atomic=\"true\"><\/p> <ul><\/ul><\/div>\n<form action=\"\/index.php\/wp-json\/wp\/v2\/pages\/231#wpcf7-f198-o1\" method=\"post\" class=\"wpcf7-form init\" aria-label=\"Contact form\" novalidate=\"novalidate\" data-status=\"init\">\n<fieldset class=\"hidden-fields-container\"><input type=\"hidden\" name=\"_wpcf7\" value=\"198\" \/><input type=\"hidden\" name=\"_wpcf7_version\" value=\"6.1.5\" \/><input type=\"hidden\" name=\"_wpcf7_locale\" value=\"en_US\" \/><input type=\"hidden\" name=\"_wpcf7_unit_tag\" value=\"wpcf7-f198-o1\" \/><input type=\"hidden\" name=\"_wpcf7_container_post\" value=\"0\" \/><input type=\"hidden\" name=\"_wpcf7_posted_data_hash\" value=\"\" \/>\n<\/fieldset>\n<p><label> Nom complet \/ Nom de l'Entreprise<br \/>\n<span class=\"wpcf7-form-control-wrap\" data-name=\"your-full-name\"><input size=\"40\" maxlength=\"400\" class=\"wpcf7-form-control wpcf7-text wpcf7-validates-as-required\" autocomplete=\"name\" aria-required=\"true\" aria-invalid=\"false\" value=\"\" type=\"text\" name=\"your-full-name\" \/><\/span> <\/label>\n<\/p>\n<p><label> Num\u00e9ro de t\u00e9l\u00e9phone<br \/>\n<span class=\"wpcf7-form-control-wrap\" data-name=\"your-phone\"><input size=\"40\" maxlength=\"400\" class=\"wpcf7-form-control wpcf7-tel wpcf7-validates-as-required wpcf7-text wpcf7-validates-as-tel\" autocomplete=\"tel\" aria-required=\"true\" aria-invalid=\"false\" value=\"\" type=\"tel\" name=\"your-phone\" \/><\/span> <\/label>\n<\/p>\n<p><label> E-mail<br \/>\n<span class=\"wpcf7-form-control-wrap\" data-name=\"your-email\"><input size=\"40\" maxlength=\"400\" class=\"wpcf7-form-control wpcf7-email wpcf7-validates-as-required wpcf7-text wpcf7-validates-as-email\" autocomplete=\"email\" aria-required=\"true\" aria-invalid=\"false\" value=\"\" type=\"email\" name=\"your-email\" \/><\/span> <\/label>\n<\/p>\n<p><label> Votre message<br \/>\n<span class=\"wpcf7-form-control-wrap\" data-name=\"your-need\"><textarea cols=\"40\" rows=\"5\" maxlength=\"2000\" class=\"wpcf7-form-control wpcf7-textarea\" aria-invalid=\"false\" name=\"your-need\"><\/textarea><\/span> <\/label>\n<\/p>\n<p><input class=\"wpcf7-form-control wpcf7-submit has-spinner\" type=\"submit\" value=\"Envoyer\" \/>\n<\/p><div class=\"wpcf7-response-output\" aria-hidden=\"true\"><\/div>\n<\/form>\n<\/div>\n\n<\/div><\/div>\n\n<\/div><\/div>","protected":false},"excerpt":{"rendered":"<p>Une question, un projet ? \u00c9crivez-nous, notre \u00e9quipe vous r\u00e9pond sous 24h !<\/p>\n","protected":false},"author":1,"featured_media":0,"parent":0,"menu_order":0,"comment_status":"closed","ping_status":"closed","template":"","meta":{"_kad_post_transparent":"","_kad_post_title":"hide","_kad_post_layout":"fullwidth","_kad_post_sidebar_id":"","_kad_post_content_style":"","_kad_post_vertical_padding":"hide","_kad_post_feature":"","_kad_post_feature_position":"","_kad_post_header":false,"_kad_post_footer":false,"footnotes":""},"class_list":["post-231","page","type-page","status-publish","hentry"],"yoast_head":"<!-- This site is optimized with the Yoast SEO plugin v27.1.1 - https:\/\/yoast.com\/product\/yoast-seo-wordpress\/ -->\n<title>Contact - uxmedia<\/title>\n<meta name=\"robots\" content=\"index, follow, max-snippet:-1, max-image-preview:large, max-video-preview:-1\" \/>\n<link rel=\"canonical\" href=\"https:\/\/uxmedia-congo.com\/index.php\/contact\/\" \/>\n<meta property=\"og:locale\" content=\"fr_FR\" \/>\n<meta property=\"og:type\" content=\"article\" \/>\n<meta property=\"og:title\" content=\"Contact - uxmedia\" \/>\n<meta property=\"og:description\" content=\"Une question, un projet ? \u00c9crivez-nous, notre \u00e9quipe vous r\u00e9pond sous 24h !\" \/>\n<meta property=\"og:url\" content=\"https:\/\/uxmedia-congo.com\/index.php\/contact\/\" \/>\n<meta property=\"og:site_name\" content=\"uxmedia\" \/>\n<meta property=\"article:modified_time\" content=\"2025-06-09T08:45:51+00:00\" \/>\n<meta name=\"twitter:card\" content=\"summary_large_image\" \/>\n<script type=\"application\/ld+json\" class=\"yoast-schema-graph\">{\"@context\":\"https:\/\/schema.org\",\"@graph\":[{\"@type\":\"WebPage\",\"@id\":\"https:\/\/uxmedia-congo.com\/index.php\/contact\/\",\"url\":\"https:\/\/uxmedia-congo.com\/index.php\/contact\/\",\"name\":\"Contact - uxmedia\",\"isPartOf\":{\"@id\":\"https:\/\/uxmedia-congo.com\/#website\"},\"datePublished\":\"2025-05-14T10:04:18+00:00\",\"dateModified\":\"2025-06-09T08:45:51+00:00\",\"breadcrumb\":{\"@id\":\"https:\/\/uxmedia-congo.com\/index.php\/contact\/#breadcrumb\"},\"inLanguage\":\"fr-FR\",\"potentialAction\":[{\"@type\":\"ReadAction\",\"target\":[\"https:\/\/uxmedia-congo.com\/index.php\/contact\/\"]}]},{\"@type\":\"BreadcrumbList\",\"@id\":\"https:\/\/uxmedia-congo.com\/index.php\/contact\/#breadcrumb\",\"itemListElement\":[{\"@type\":\"ListItem\",\"position\":1,\"name\":\"Home\",\"item\":\"https:\/\/uxmedia-congo.com\/\"},{\"@type\":\"ListItem\",\"position\":2,\"name\":\"Contact\"}]},{\"@type\":\"WebSite\",\"@id\":\"https:\/\/uxmedia-congo.com\/#website\",\"url\":\"https:\/\/uxmedia-congo.com\/\",\"name\":\"uxmedia\",\"description\":\"\",\"publisher\":{\"@id\":\"https:\/\/uxmedia-congo.com\/#organization\"},\"potentialAction\":[{\"@type\":\"SearchAction\",\"target\":{\"@type\":\"EntryPoint\",\"urlTemplate\":\"https:\/\/uxmedia-congo.com\/?s={search_term_string}\"},\"query-input\":{\"@type\":\"PropertyValueSpecification\",\"valueRequired\":true,\"valueName\":\"search_term_string\"}}],\"inLanguage\":\"fr-FR\"},{\"@type\":\"Organization\",\"@id\":\"https:\/\/uxmedia-congo.com\/#organization\",\"name\":\"uxmedia\",\"url\":\"https:\/\/uxmedia-congo.com\/\",\"logo\":{\"@type\":\"ImageObject\",\"inLanguage\":\"fr-FR\",\"@id\":\"https:\/\/uxmedia-congo.com\/#\/schema\/logo\/image\/\",\"url\":\"https:\/\/uxmedia-congo.com\/wp-content\/uploads\/2025\/05\/logo-black-resized.png\",\"contentUrl\":\"https:\/\/uxmedia-congo.com\/wp-content\/uploads\/2025\/05\/logo-black-resized.png\",\"width\":478,\"height\":173,\"caption\":\"uxmedia\"},\"image\":{\"@id\":\"https:\/\/uxmedia-congo.com\/#\/schema\/logo\/image\/\"}}]}<\/script>\n<!-- \/ Yoast SEO plugin. -->","yoast_head_json":{"title":"Contact - uxmedia","robots":{"index":"index","follow":"follow","max-snippet":"max-snippet:-1","max-image-preview":"max-image-preview:large","max-video-preview":"max-video-preview:-1"},"canonical":"https:\/\/uxmedia-congo.com\/index.php\/contact\/","og_locale":"fr_FR","og_type":"article","og_title":"Contact - uxmedia","og_description":"Une question, un projet ? \u00c9crivez-nous, notre \u00e9quipe vous r\u00e9pond sous 24h !","og_url":"https:\/\/uxmedia-congo.com\/index.php\/contact\/","og_site_name":"uxmedia","article_modified_time":"2025-06-09T08:45:51+00:00","twitter_card":"summary_large_image","schema":{"@context":"https:\/\/schema.org","@graph":[{"@type":"WebPage","@id":"https:\/\/uxmedia-congo.com\/index.php\/contact\/","url":"https:\/\/uxmedia-congo.com\/index.php\/contact\/","name":"Contact - uxmedia","isPartOf":{"@id":"https:\/\/uxmedia-congo.com\/#website"},"datePublished":"2025-05-14T10:04:18+00:00","dateModified":"2025-06-09T08:45:51+00:00","breadcrumb":{"@id":"https:\/\/uxmedia-congo.com\/index.php\/contact\/#breadcrumb"},"inLanguage":"fr-FR","potentialAction":[{"@type":"ReadAction","target":["https:\/\/uxmedia-congo.com\/index.php\/contact\/"]}]},{"@type":"BreadcrumbList","@id":"https:\/\/uxmedia-congo.com\/index.php\/contact\/#breadcrumb","itemListElement":[{"@type":"ListItem","position":1,"name":"Home","item":"https:\/\/uxmedia-congo.com\/"},{"@type":"ListItem","position":2,"name":"Contact"}]},{"@type":"WebSite","@id":"https:\/\/uxmedia-congo.com\/#website","url":"https:\/\/uxmedia-congo.com\/","name":"uxmedia","description":"","publisher":{"@id":"https:\/\/uxmedia-congo.com\/#organization"},"potentialAction":[{"@type":"SearchAction","target":{"@type":"EntryPoint","urlTemplate":"https:\/\/uxmedia-congo.com\/?s={search_term_string}"},"query-input":{"@type":"PropertyValueSpecification","valueRequired":true,"valueName":"search_term_string"}}],"inLanguage":"fr-FR"},{"@type":"Organization","@id":"https:\/\/uxmedia-congo.com\/#organization","name":"uxmedia","url":"https:\/\/uxmedia-congo.com\/","logo":{"@type":"ImageObject","inLanguage":"fr-FR","@id":"https:\/\/uxmedia-congo.com\/#\/schema\/logo\/image\/","url":"https:\/\/uxmedia-congo.com\/wp-content\/uploads\/2025\/05\/logo-black-resized.png","contentUrl":"https:\/\/uxmedia-congo.com\/wp-content\/uploads\/2025\/05\/logo-black-resized.png","width":478,"height":173,"caption":"uxmedia"},"image":{"@id":"https:\/\/uxmedia-congo.com\/#\/schema\/logo\/image\/"}}]}},"rttpg_featured_image_url":null,"rttpg_author":{"display_name":"uxmedia","author_link":"https:\/\/uxmedia-congo.com\/index.php\/author\/uxmedia\/"},"rttpg_comment":0,"rttpg_category":" <a href=\"https:\/\/uxmedia-congo.com\/\" rel=\"tag\">Fran\u00e7ais<\/a>","rttpg_excerpt":"Une question, un projet ? \u00c9crivez-nous, notre \u00e9quipe vous r\u00e9pond sous 24h !","_links":{"self":[{"href":"https:\/\/uxmedia-congo.com\/index.php\/wp-json\/wp\/v2\/pages\/231","targetHints":{"allow":["GET"]}}],"collection":[{"href":"https:\/\/uxmedia-congo.com\/index.php\/wp-json\/wp\/v2\/pages"}],"about":[{"href":"https:\/\/uxmedia-congo.com\/index.php\/wp-json\/wp\/v2\/types\/page"}],"author":[{"embeddable":true,"href":"https:\/\/uxmedia-congo.com\/index.php\/wp-json\/wp\/v2\/users\/1"}],"replies":[{"embeddable":true,"href":"https:\/\/uxmedia-congo.com\/index.php\/wp-json\/wp\/v2\/comments?post=231"}],"version-history":[{"count":3,"href":"https:\/\/uxmedia-congo.com\/index.php\/wp-json\/wp\/v2\/pages\/231\/revisions"}],"predecessor-version":[{"id":311,"href":"https:\/\/uxmedia-congo.com\/index.php\/wp-json\/wp\/v2\/pages\/231\/revisions\/311"}],"wp:attachment":[{"href":"https:\/\/uxmedia-congo.com\/index.php\/wp-json\/wp\/v2\/media?parent=231"}],"curies":[{"name":"wp","href":"https:\/\/api.w.org\/{rel}","templated":true}]}}